{"id":805,"date":"2023-06-20T16:09:52","date_gmt":"2023-06-20T14:09:52","guid":{"rendered":"http:\/\/lille-tables-toques.fr\/?page_id=805"},"modified":"2023-06-29T16:07:20","modified_gmt":"2023-06-29T14:07:20","slug":"rassembler-partager","status":"publish","type":"page","link":"https:\/\/lille-tables-toques.fr\/index.php\/rassembler-partager\/","title":{"rendered":"Rassembler &#038; Partager"},"content":{"rendered":"\t\t<div data-elementor-type=\"wp-page\" data-elementor-id=\"805\" class=\"elementor elementor-805\" data-elementor-post-type=\"page\">\n\t\t\t\t\t\t<section class=\"elementor-section elementor-top-section elementor-element elementor-element-588364fc elementor-section-boxed elementor-section-height-default elementor-section-height-default elementor-invisible\" data-id=\"588364fc\" data-element_type=\"section\" data-e-type=\"section\" data-settings=\"{&quot;animation&quot;:&quot;fadeInUp&quot;}\">\n\t\t\t\t\t\t<div class=\"elementor-container elementor-column-gap-no\">\n\t\t\t\t\t<div class=\"elementor-column elementor-col-33 elementor-top-column elementor-element elementor-element-5907f03a\" data-id=\"5907f03a\" data-element_type=\"column\" data-e-type=\"column\" data-settings=\"{&quot;background_background&quot;:&quot;classic&quot;}\">\n\t\t\t<div class=\"elementor-widget-wrap elementor-element-populated\">\n\t\t\t\t\t\t<div class=\"elementor-element elementor-element-31cbaa86 animated-slow elementor-invisible elementor-widget elementor-widget-heading\" data-id=\"31cbaa86\" data-element_type=\"widget\" data-e-type=\"widget\" data-settings=\"{&quot;_animation&quot;:&quot;fadeIn&quot;}\" data-widget_type=\"heading.default\">\n\t\t\t\t<div class=\"elementor-widget-container\">\n\t\t\t\t\t<h3 class=\"elementor-heading-title elementor-size-default\">Le groupe WhatsApp<\/h3>\t\t\t\t<\/div>\n\t\t\t\t<\/div>\n\t\t\t\t<div class=\"elementor-element elementor-element-33f6c752 elementor-invisible elementor-widget elementor-widget-text-editor\" data-id=\"33f6c752\" data-element_type=\"widget\" data-e-type=\"widget\" data-settings=\"{&quot;_animation&quot;:&quot;fadeIn&quot;,&quot;_animation_delay&quot;:200}\" data-widget_type=\"text-editor.default\">\n\t\t\t\t<div class=\"elementor-widget-container\">\n\t\t\t\t\t\t\t\t\t<p>Chaque jour, un espace de dialogue &amp; de partage pour vous accompagner dans votre quotidien de restaurateur.<\/p>\t\t\t\t\t\t\t\t<\/div>\n\t\t\t\t<\/div>\n\t\t\t\t\t<\/div>\n\t\t<\/div>\n\t\t\t\t<div class=\"elementor-column elementor-col-33 elementor-top-column elementor-element elementor-element-67b4ca80\" data-id=\"67b4ca80\" data-element_type=\"column\" data-e-type=\"column\" data-settings=\"{&quot;background_background&quot;:&quot;classic&quot;}\">\n\t\t\t<div class=\"elementor-widget-wrap elementor-element-populated\">\n\t\t\t\t\t\t<div class=\"elementor-element elementor-element-832a9ee animated-slow elementor-invisible elementor-widget elementor-widget-heading\" data-id=\"832a9ee\" data-element_type=\"widget\" data-e-type=\"widget\" data-settings=\"{&quot;_animation&quot;:&quot;fadeIn&quot;}\" data-widget_type=\"heading.default\">\n\t\t\t\t<div class=\"elementor-widget-container\">\n\t\t\t\t\t<h3 class=\"elementor-heading-title elementor-size-default\">Les rencontres Gourmandes<\/h3>\t\t\t\t<\/div>\n\t\t\t\t<\/div>\n\t\t\t\t<div class=\"elementor-element elementor-element-69d263cb elementor-invisible elementor-widget elementor-widget-text-editor\" data-id=\"69d263cb\" data-element_type=\"widget\" data-e-type=\"widget\" data-settings=\"{&quot;_animation&quot;:&quot;fadeIn&quot;,&quot;_animation_delay&quot;:200}\" data-widget_type=\"text-editor.default\">\n\t\t\t\t<div class=\"elementor-widget-container\">\n\t\t\t\t\t\t\t\t\t<p>Chaque mois, nous partons \u00e0 la rencontre des producteurs, fournisseurs ou partenaires de la restauration de la r\u00e9gion pour d\u00e9couvrir la richesse de notre territoire. Visites, d\u00e9gustations\u2026 et convivialit\u00e9 sont au programme !<\/p>\t\t\t\t\t\t\t\t<\/div>\n\t\t\t\t<\/div>\n\t\t\t\t\t<\/div>\n\t\t<\/div>\n\t\t\t\t<div class=\"elementor-column elementor-col-33 elementor-top-column elementor-element elementor-element-794f9652\" data-id=\"794f9652\" data-element_type=\"column\" data-e-type=\"column\" data-settings=\"{&quot;background_background&quot;:&quot;classic&quot;}\">\n\t\t\t<div class=\"elementor-widget-wrap elementor-element-populated\">\n\t\t\t\t\t\t<div class=\"elementor-element elementor-element-36d93f91 animated-slow elementor-invisible elementor-widget elementor-widget-heading\" data-id=\"36d93f91\" data-element_type=\"widget\" data-e-type=\"widget\" data-settings=\"{&quot;_animation&quot;:&quot;fadeIn&quot;}\" data-widget_type=\"heading.default\">\n\t\t\t\t<div class=\"elementor-widget-container\">\n\t\t\t\t\t<h3 class=\"elementor-heading-title elementor-size-default\">La Garden Party Annuelle<\/h3>\t\t\t\t<\/div>\n\t\t\t\t<\/div>\n\t\t\t\t<div class=\"elementor-element elementor-element-7fe5177f elementor-invisible elementor-widget elementor-widget-text-editor\" data-id=\"7fe5177f\" data-element_type=\"widget\" data-e-type=\"widget\" data-settings=\"{&quot;_animation&quot;:&quot;fadeIn&quot;,&quot;_animation_delay&quot;:200}\" data-widget_type=\"text-editor.default\">\n\t\t\t\t<div class=\"elementor-widget-container\">\n\t\t\t\t\t\t\t\t\t<p>Une fois par an, l\u2019ensemble du club se r\u00e9unit pour un grand banquet festif, l\u2019occasion de cr\u00e9er des souvenirs et de vivre un moment festif !<\/p>\t\t\t\t\t\t\t\t<\/div>\n\t\t\t\t<\/div>\n\t\t\t\t\t<\/div>\n\t\t<\/div>\n\t\t\t\t\t<\/div>\n\t\t<\/section>\n\t\t\t\t<section class=\"elementor-section elementor-top-section elementor-element elementor-element-4242a36f elementor-section-content-middle elementor-section-boxed elementor-section-height-default elementor-section-height-default\" data-id=\"4242a36f\" data-element_type=\"section\" data-e-type=\"section\">\n\t\t\t\t\t\t<div class=\"elementor-container elementor-column-gap-no\">\n\t\t\t\t\t<div class=\"elementor-column elementor-col-100 elementor-top-column elementor-element elementor-element-8ed3bf3\" data-id=\"8ed3bf3\" data-element_type=\"column\" data-e-type=\"column\">\n\t\t\t<div class=\"elementor-widget-wrap elementor-element-populated\">\n\t\t\t\t\t\t<div class=\"elementor-element elementor-element-79f917bc elementor-headline--style-highlight elementor-widget elementor-widget-animated-headline\" data-id=\"79f917bc\" data-element_type=\"widget\" data-e-type=\"widget\" data-settings=\"{&quot;marker&quot;:&quot;underline&quot;,&quot;highlighted_text&quot;:&quot;objectifs &quot;,&quot;headline_style&quot;:&quot;highlight&quot;,&quot;loop&quot;:&quot;yes&quot;,&quot;highlight_animation_duration&quot;:1200,&quot;highlight_iteration_delay&quot;:8000}\" data-widget_type=\"animated-headline.default\">\n\t\t\t\t<div class=\"elementor-widget-container\">\n\t\t\t\t\t\t\t<h6 class=\"elementor-headline\">\n\t\t\t\t\t<span class=\"elementor-headline-plain-text elementor-headline-text-wrapper\">Nos autres<\/span>\n\t\t\t\t<span class=\"elementor-headline-dynamic-wrapper elementor-headline-text-wrapper\">\n\t\t\t\t\t<span class=\"elementor-headline-dynamic-text elementor-headline-text-active\">objectifs <\/span>\n\t\t\t\t<\/span>\n\t\t\t\t<\/h6>\n\t\t\t\t\t\t<\/div>\n\t\t\t\t<\/div>\n\t\t\t\t<section class=\"elementor-section elementor-inner-section elementor-element elementor-element-36bfbc55 elementor-section-content-middle elementor-section-boxed elementor-section-height-default elementor-section-height-default\" data-id=\"36bfbc55\" data-element_type=\"section\" data-e-type=\"section\">\n\t\t\t\t\t\t<div class=\"elementor-container elementor-column-gap-no\">\n\t\t\t\t\t<div class=\"elementor-column elementor-col-50 elementor-inner-column elementor-element elementor-element-1e65d6d5\" data-id=\"1e65d6d5\" data-element_type=\"column\" data-e-type=\"column\">\n\t\t\t<div class=\"elementor-widget-wrap elementor-element-populated\">\n\t\t\t\t\t\t<div class=\"elementor-element elementor-element-5bfbda9f elementor-widget elementor-widget-image\" data-id=\"5bfbda9f\" data-element_type=\"widget\" data-e-type=\"widget\" data-widget_type=\"image.default\">\n\t\t\t\t<div class=\"elementor-widget-container\">\n\t\t\t\t\t\t\t\t\t\t\t\t\t\t\t<img fetchpriority=\"high\" decoding=\"async\" width=\"1024\" height=\"683\" src=\"https:\/\/lille-tables-toques.fr\/wp-content\/uploads\/2023\/06\/6-1024x683.jpg\" class=\"attachment-large size-large wp-image-210\" alt=\"\" srcset=\"https:\/\/lille-tables-toques.fr\/wp-content\/uploads\/2023\/06\/6-1024x683.jpg 1024w, https:\/\/lille-tables-toques.fr\/wp-content\/uploads\/2023\/06\/6-300x200.jpg 300w, https:\/\/lille-tables-toques.fr\/wp-content\/uploads\/2023\/06\/6-768x512.jpg 768w, https:\/\/lille-tables-toques.fr\/wp-content\/uploads\/2023\/06\/6-1536x1024.jpg 1536w, https:\/\/lille-tables-toques.fr\/wp-content\/uploads\/2023\/06\/6.jpg 1600w\" sizes=\"(max-width: 1024px) 100vw, 1024px\" \/>\t\t\t\t\t\t\t\t\t\t\t\t\t\t\t<\/div>\n\t\t\t\t<\/div>\n\t\t\t\t<div class=\"elementor-element elementor-element-3f5bc6a6 elementor-widget elementor-widget-image-box\" data-id=\"3f5bc6a6\" data-element_type=\"widget\" data-e-type=\"widget\" data-widget_type=\"image-box.default\">\n\t\t\t\t<div class=\"elementor-widget-container\">\n\t\t\t\t\t<div class=\"elementor-image-box-wrapper\"><div class=\"elementor-image-box-content\"><h3 class=\"elementor-image-box-title\">VALORISER &amp; PROMOUVOIR<\/h3><\/div><\/div>\t\t\t\t<\/div>\n\t\t\t\t<\/div>\n\t\t\t\t<div class=\"elementor-element elementor-element-65d35908 elementor-align-center elementor-widget elementor-widget-button\" data-id=\"65d35908\" data-element_type=\"widget\" data-e-type=\"widget\" data-widget_type=\"button.default\">\n\t\t\t\t<div class=\"elementor-widget-container\">\n\t\t\t\t\t\t\t\t\t<div class=\"elementor-button-wrapper\">\n\t\t\t\t\t<a class=\"elementor-button elementor-button-link elementor-size-sm\" href=\"https:\/\/lille-tables-toques.fr\/index.php\/valoriser-promouvoir\/\">\n\t\t\t\t\t\t<span class=\"elementor-button-content-wrapper\">\n\t\t\t\t\t\t\t\t\t<span class=\"elementor-button-text\">En savoir plus<\/span>\n\t\t\t\t\t<\/span>\n\t\t\t\t\t<\/a>\n\t\t\t\t<\/div>\n\t\t\t\t\t\t\t\t<\/div>\n\t\t\t\t<\/div>\n\t\t\t\t\t<\/div>\n\t\t<\/div>\n\t\t\t\t<div class=\"elementor-column elementor-col-50 elementor-inner-column elementor-element elementor-element-54083662\" data-id=\"54083662\" data-element_type=\"column\" data-e-type=\"column\">\n\t\t\t<div class=\"elementor-widget-wrap elementor-element-populated\">\n\t\t\t\t\t\t<div class=\"elementor-element elementor-element-5de9d478 elementor-widget elementor-widget-image\" data-id=\"5de9d478\" data-element_type=\"widget\" data-e-type=\"widget\" data-widget_type=\"image.default\">\n\t\t\t\t<div class=\"elementor-widget-container\">\n\t\t\t\t\t\t\t\t\t\t\t\t\t\t\t<img decoding=\"async\" width=\"1024\" height=\"683\" src=\"https:\/\/lille-tables-toques.fr\/wp-content\/uploads\/2023\/06\/2023-01-Tables-Toques-157-1024x683.jpg\" class=\"attachment-large size-large wp-image-204\" alt=\"\" srcset=\"https:\/\/lille-tables-toques.fr\/wp-content\/uploads\/2023\/06\/2023-01-Tables-Toques-157-1024x683.jpg 1024w, https:\/\/lille-tables-toques.fr\/wp-content\/uploads\/2023\/06\/2023-01-Tables-Toques-157-300x200.jpg 300w, https:\/\/lille-tables-toques.fr\/wp-content\/uploads\/2023\/06\/2023-01-Tables-Toques-157-768x512.jpg 768w, https:\/\/lille-tables-toques.fr\/wp-content\/uploads\/2023\/06\/2023-01-Tables-Toques-157-1536x1024.jpg 1536w, https:\/\/lille-tables-toques.fr\/wp-content\/uploads\/2023\/06\/2023-01-Tables-Toques-157.jpg 1600w\" sizes=\"(max-width: 1024px) 100vw, 1024px\" \/>\t\t\t\t\t\t\t\t\t\t\t\t\t\t\t<\/div>\n\t\t\t\t<\/div>\n\t\t\t\t<div class=\"elementor-element elementor-element-78484818 elementor-widget elementor-widget-image-box\" data-id=\"78484818\" data-element_type=\"widget\" data-e-type=\"widget\" data-widget_type=\"image-box.default\">\n\t\t\t\t<div class=\"elementor-widget-container\">\n\t\t\t\t\t<div class=\"elementor-image-box-wrapper\"><div class=\"elementor-image-box-content\"><h3 class=\"elementor-image-box-title\">ATTIRER &amp; TRANSMETTRE<\/h3><\/div><\/div>\t\t\t\t<\/div>\n\t\t\t\t<\/div>\n\t\t\t\t<div class=\"elementor-element elementor-element-68f0e7d7 elementor-align-center elementor-widget elementor-widget-button\" data-id=\"68f0e7d7\" data-element_type=\"widget\" data-e-type=\"widget\" data-widget_type=\"button.default\">\n\t\t\t\t<div class=\"elementor-widget-container\">\n\t\t\t\t\t\t\t\t\t<div class=\"elementor-button-wrapper\">\n\t\t\t\t\t<a class=\"elementor-button elementor-button-link elementor-size-sm\" href=\"https:\/\/lille-tables-toques.fr\/index.php\/attirer-transmettre\/%20\">\n\t\t\t\t\t\t<span class=\"elementor-button-content-wrapper\">\n\t\t\t\t\t\t\t\t\t<span class=\"elementor-button-text\">En savoir plus<\/span>\n\t\t\t\t\t<\/span>\n\t\t\t\t\t<\/a>\n\t\t\t\t<\/div>\n\t\t\t\t\t\t\t\t<\/div>\n\t\t\t\t<\/div>\n\t\t\t\t\t<\/div>\n\t\t<\/div>\n\t\t\t\t\t<\/div>\n\t\t<\/section>\n\t\t\t\t\t<\/div>\n\t\t<\/div>\n\t\t\t\t\t<\/div>\n\t\t<\/section>\n\t\t\t\t<\/div>\n\t\t","protected":false},"excerpt":{"rendered":"<p>Le groupe WhatsApp Chaque jour, un espace de dialogue &amp; de partage pour vous accompagner dans votre quotidien de restaurateur. Les rencontres Gourmandes Chaque mois, nous partons \u00e0 la rencontre &hellip; <\/p>\n<p class=\"link-more\"><a href=\"https:\/\/lille-tables-toques.fr\/index.php\/rassembler-partager\/\" class=\"more-link\">Continue reading<span class=\"screen-reader-text\"> \u00ab\u00a0Rassembler &#038; Partager\u00a0\u00bb<\/span><\/a><\/p>\n","protected":false},"author":1,"featured_media":0,"parent":0,"menu_order":0,"comment_status":"closed","ping_status":"closed","template":"","meta":{"footnotes":""},"class_list":["post-805","page","type-page","status-publish","hentry"],"yoast_head":"<!-- This site is optimized with the Yoast SEO plugin v24.7 - https:\/\/yoast.com\/wordpress\/plugins\/seo\/ -->\n<title>Rassembler &amp; Partager - Lille Tables &amp; Toques<\/title>\n<meta name=\"robots\" content=\"index, follow, max-snippet:-1, max-image-preview:large, max-video-preview:-1\" \/>\n<link rel=\"canonical\" href=\"https:\/\/lille-tables-toques.fr\/index.php\/rassembler-partager\/\" \/>\n<meta property=\"og:locale\" content=\"fr_FR\" \/>\n<meta property=\"og:type\" content=\"article\" \/>\n<meta property=\"og:title\" content=\"Rassembler &amp; Partager - Lille Tables &amp; Toques\" \/>\n<meta property=\"og:description\" content=\"Le groupe WhatsApp Chaque jour, un espace de dialogue &amp; de partage pour vous accompagner dans votre quotidien de restaurateur. Les rencontres Gourmandes Chaque mois, nous partons \u00e0 la rencontre &hellip; Continue reading &quot;Rassembler &#038; Partager&quot;\" \/>\n<meta property=\"og:url\" content=\"https:\/\/lille-tables-toques.fr\/index.php\/rassembler-partager\/\" \/>\n<meta property=\"og:site_name\" content=\"Lille Tables &amp; Toques\" \/>\n<meta property=\"article:publisher\" content=\"https:\/\/www.facebook.com\/tablesettoques\/?locale=fr_FR\" \/>\n<meta property=\"article:modified_time\" content=\"2023-06-29T14:07:20+00:00\" \/>\n<meta property=\"og:image\" content=\"https:\/\/lille-tables-toques.fr\/wp-content\/uploads\/2023\/06\/6-1024x683.jpg\" \/>\n<meta name=\"twitter:card\" content=\"summary_large_image\" \/>\n<meta name=\"twitter:label1\" content=\"Dur\u00e9e de lecture estim\u00e9e\" \/>\n\t<meta name=\"twitter:data1\" content=\"1 minute\" \/>\n<script type=\"application\/ld+json\" class=\"yoast-schema-graph\">{\"@context\":\"https:\/\/schema.org\",\"@graph\":[{\"@type\":\"WebPage\",\"@id\":\"https:\/\/lille-tables-toques.fr\/index.php\/rassembler-partager\/\",\"url\":\"https:\/\/lille-tables-toques.fr\/index.php\/rassembler-partager\/\",\"name\":\"Rassembler & Partager - Lille Tables &amp; Toques\",\"isPartOf\":{\"@id\":\"https:\/\/lille-tables-toques.fr\/#website\"},\"primaryImageOfPage\":{\"@id\":\"https:\/\/lille-tables-toques.fr\/index.php\/rassembler-partager\/#primaryimage\"},\"image\":{\"@id\":\"https:\/\/lille-tables-toques.fr\/index.php\/rassembler-partager\/#primaryimage\"},\"thumbnailUrl\":\"https:\/\/lille-tables-toques.fr\/wp-content\/uploads\/2023\/06\/6-1024x683.jpg\",\"datePublished\":\"2023-06-20T14:09:52+00:00\",\"dateModified\":\"2023-06-29T14:07:20+00:00\",\"inLanguage\":\"fr-FR\",\"potentialAction\":[{\"@type\":\"ReadAction\",\"target\":[\"https:\/\/lille-tables-toques.fr\/index.php\/rassembler-partager\/\"]}]},{\"@type\":\"ImageObject\",\"inLanguage\":\"fr-FR\",\"@id\":\"https:\/\/lille-tables-toques.fr\/index.php\/rassembler-partager\/#primaryimage\",\"url\":\"https:\/\/lille-tables-toques.fr\/wp-content\/uploads\/2023\/06\/6.jpg\",\"contentUrl\":\"https:\/\/lille-tables-toques.fr\/wp-content\/uploads\/2023\/06\/6.jpg\",\"width\":1600,\"height\":1067},{\"@type\":\"WebSite\",\"@id\":\"https:\/\/lille-tables-toques.fr\/#website\",\"url\":\"https:\/\/lille-tables-toques.fr\/\",\"name\":\"Lille Tables & Toques\",\"description\":\"Le club des professionnels de la gastronomie des Hauts-de-France\",\"publisher\":{\"@id\":\"https:\/\/lille-tables-toques.fr\/#organization\"},\"potentialAction\":[{\"@type\":\"SearchAction\",\"target\":{\"@type\":\"EntryPoint\",\"urlTemplate\":\"https:\/\/lille-tables-toques.fr\/?s={search_term_string}\"},\"query-input\":{\"@type\":\"PropertyValueSpecification\",\"valueRequired\":true,\"valueName\":\"search_term_string\"}}],\"inLanguage\":\"fr-FR\"},{\"@type\":\"Organization\",\"@id\":\"https:\/\/lille-tables-toques.fr\/#organization\",\"name\":\"Lille Tables & Toques\",\"url\":\"https:\/\/lille-tables-toques.fr\/\",\"logo\":{\"@type\":\"ImageObject\",\"inLanguage\":\"fr-FR\",\"@id\":\"https:\/\/lille-tables-toques.fr\/#\/schema\/logo\/image\/\",\"url\":\"https:\/\/lille-tables-toques.fr\/wp-content\/uploads\/2023\/06\/Copie-de-unnamed-2.jpg\",\"contentUrl\":\"https:\/\/lille-tables-toques.fr\/wp-content\/uploads\/2023\/06\/Copie-de-unnamed-2.jpg\",\"width\":512,\"height\":512,\"caption\":\"Lille Tables & Toques\"},\"image\":{\"@id\":\"https:\/\/lille-tables-toques.fr\/#\/schema\/logo\/image\/\"},\"sameAs\":[\"https:\/\/www.facebook.com\/tablesettoques\/?locale=fr_FR\",\"https:\/\/www.linkedin.com\/company\/lille-tables-toques\/\",\"https:\/\/www.instagram.com\/tables_et_toques\/\"]}]}<\/script>\n<!-- \/ Yoast SEO plugin. -->","yoast_head_json":{"title":"Rassembler & Partager - Lille Tables &amp; Toques","robots":{"index":"index","follow":"follow","max-snippet":"max-snippet:-1","max-image-preview":"max-image-preview:large","max-video-preview":"max-video-preview:-1"},"canonical":"https:\/\/lille-tables-toques.fr\/index.php\/rassembler-partager\/","og_locale":"fr_FR","og_type":"article","og_title":"Rassembler & Partager - Lille Tables &amp; Toques","og_description":"Le groupe WhatsApp Chaque jour, un espace de dialogue &amp; de partage pour vous accompagner dans votre quotidien de restaurateur. Les rencontres Gourmandes Chaque mois, nous partons \u00e0 la rencontre &hellip; Continue reading \"Rassembler &#038; Partager\"","og_url":"https:\/\/lille-tables-toques.fr\/index.php\/rassembler-partager\/","og_site_name":"Lille Tables &amp; Toques","article_publisher":"https:\/\/www.facebook.com\/tablesettoques\/?locale=fr_FR","article_modified_time":"2023-06-29T14:07:20+00:00","og_image":[{"url":"https:\/\/lille-tables-toques.fr\/wp-content\/uploads\/2023\/06\/6-1024x683.jpg","type":"","width":"","height":""}],"twitter_card":"summary_large_image","twitter_misc":{"Dur\u00e9e de lecture estim\u00e9e":"1 minute"},"schema":{"@context":"https:\/\/schema.org","@graph":[{"@type":"WebPage","@id":"https:\/\/lille-tables-toques.fr\/index.php\/rassembler-partager\/","url":"https:\/\/lille-tables-toques.fr\/index.php\/rassembler-partager\/","name":"Rassembler & Partager - Lille Tables &amp; Toques","isPartOf":{"@id":"https:\/\/lille-tables-toques.fr\/#website"},"primaryImageOfPage":{"@id":"https:\/\/lille-tables-toques.fr\/index.php\/rassembler-partager\/#primaryimage"},"image":{"@id":"https:\/\/lille-tables-toques.fr\/index.php\/rassembler-partager\/#primaryimage"},"thumbnailUrl":"https:\/\/lille-tables-toques.fr\/wp-content\/uploads\/2023\/06\/6-1024x683.jpg","datePublished":"2023-06-20T14:09:52+00:00","dateModified":"2023-06-29T14:07:20+00:00","inLanguage":"fr-FR","potentialAction":[{"@type":"ReadAction","target":["https:\/\/lille-tables-toques.fr\/index.php\/rassembler-partager\/"]}]},{"@type":"ImageObject","inLanguage":"fr-FR","@id":"https:\/\/lille-tables-toques.fr\/index.php\/rassembler-partager\/#primaryimage","url":"https:\/\/lille-tables-toques.fr\/wp-content\/uploads\/2023\/06\/6.jpg","contentUrl":"https:\/\/lille-tables-toques.fr\/wp-content\/uploads\/2023\/06\/6.jpg","width":1600,"height":1067},{"@type":"WebSite","@id":"https:\/\/lille-tables-toques.fr\/#website","url":"https:\/\/lille-tables-toques.fr\/","name":"Lille Tables & Toques","description":"Le club des professionnels de la gastronomie des Hauts-de-France","publisher":{"@id":"https:\/\/lille-tables-toques.fr\/#organization"},"potentialAction":[{"@type":"SearchAction","target":{"@type":"EntryPoint","urlTemplate":"https:\/\/lille-tables-toques.fr\/?s={search_term_string}"},"query-input":{"@type":"PropertyValueSpecification","valueRequired":true,"valueName":"search_term_string"}}],"inLanguage":"fr-FR"},{"@type":"Organization","@id":"https:\/\/lille-tables-toques.fr\/#organization","name":"Lille Tables & Toques","url":"https:\/\/lille-tables-toques.fr\/","logo":{"@type":"ImageObject","inLanguage":"fr-FR","@id":"https:\/\/lille-tables-toques.fr\/#\/schema\/logo\/image\/","url":"https:\/\/lille-tables-toques.fr\/wp-content\/uploads\/2023\/06\/Copie-de-unnamed-2.jpg","contentUrl":"https:\/\/lille-tables-toques.fr\/wp-content\/uploads\/2023\/06\/Copie-de-unnamed-2.jpg","width":512,"height":512,"caption":"Lille Tables & Toques"},"image":{"@id":"https:\/\/lille-tables-toques.fr\/#\/schema\/logo\/image\/"},"sameAs":["https:\/\/www.facebook.com\/tablesettoques\/?locale=fr_FR","https:\/\/www.linkedin.com\/company\/lille-tables-toques\/","https:\/\/www.instagram.com\/tables_et_toques\/"]}]}},"_links":{"self":[{"href":"https:\/\/lille-tables-toques.fr\/index.php\/wp-json\/wp\/v2\/pages\/805","targetHints":{"allow":["GET"]}}],"collection":[{"href":"https:\/\/lille-tables-toques.fr\/index.php\/wp-json\/wp\/v2\/pages"}],"about":[{"href":"https:\/\/lille-tables-toques.fr\/index.php\/wp-json\/wp\/v2\/types\/page"}],"author":[{"embeddable":true,"href":"https:\/\/lille-tables-toques.fr\/index.php\/wp-json\/wp\/v2\/users\/1"}],"replies":[{"embeddable":true,"href":"https:\/\/lille-tables-toques.fr\/index.php\/wp-json\/wp\/v2\/comments?post=805"}],"version-history":[{"count":29,"href":"https:\/\/lille-tables-toques.fr\/index.php\/wp-json\/wp\/v2\/pages\/805\/revisions"}],"predecessor-version":[{"id":1243,"href":"https:\/\/lille-tables-toques.fr\/index.php\/wp-json\/wp\/v2\/pages\/805\/revisions\/1243"}],"wp:attachment":[{"href":"https:\/\/lille-tables-toques.fr\/index.php\/wp-json\/wp\/v2\/media?parent=805"}],"curies":[{"name":"wp","href":"https:\/\/api.w.org\/{rel}","templated":true}]}}