{"id":661,"date":"2023-06-19T21:48:31","date_gmt":"2023-06-19T19:48:31","guid":{"rendered":"http:\/\/lille-tables-toques.fr\/?page_id=661"},"modified":"2026-03-27T16:34:57","modified_gmt":"2026-03-27T15:34:57","slug":"devenir-membre","status":"publish","type":"page","link":"https:\/\/lille-tables-toques.fr\/index.php\/devenir-membre\/","title":{"rendered":"Devenir membre"},"content":{"rendered":"\t\t<div data-elementor-type=\"wp-page\" data-elementor-id=\"661\" class=\"elementor elementor-661\" data-elementor-post-type=\"page\">\n\t\t\t\t\t\t<section class=\"elementor-section elementor-top-section elementor-element elementor-element-875eb9f elementor-section-boxed elementor-section-height-default elementor-section-height-default\" data-id=\"875eb9f\" data-element_type=\"section\" data-e-type=\"section\">\n\t\t\t\t\t\t<div class=\"elementor-container elementor-column-gap-default\">\n\t\t\t\t\t<div class=\"elementor-column elementor-col-100 elementor-top-column elementor-element elementor-element-c1fddc1\" data-id=\"c1fddc1\" data-element_type=\"column\" data-e-type=\"column\">\n\t\t\t<div class=\"elementor-widget-wrap elementor-element-populated\">\n\t\t\t\t\t\t<div class=\"elementor-element elementor-element-ea462ce elementor-widget elementor-widget-price-table\" data-id=\"ea462ce\" data-element_type=\"widget\" data-e-type=\"widget\" data-widget_type=\"price-table.default\">\n\t\t\t\t<div class=\"elementor-widget-container\">\n\t\t\t\t\t\n\t\t<div class=\"elementor-price-table\">\n\t\t\t\t\t\t\t<div class=\"elementor-price-table__header\">\n\t\t\t\t\t\t\t\t\t\t\t<h3 class=\"elementor-price-table__heading\">\n\t\t\t\t\t\tRejoignez Lille Tables & Toques\t\t\t\t\t\t<\/h3>\n\t\t\t\t\t\n\t\t\t\t\t\t\t\t\t\t\t<span class=\"elementor-price-table__subheading\">\n\t\t\t\t\t\t\tLe club des professionnels de la gastronomie en Hauts-de-France\t\t\t\t\t\t<\/span>\n\t\t\t\t\t\t\t\t\t<\/div>\n\t\t\t\n\t\t\t<div class=\"elementor-price-table__price\">\n\t\t\t\t\t\t\t\t<span class=\"elementor-price-table__currency\">&#128;<\/span>\t\t\t\t\t\t\t\t\t<span class=\"elementor-price-table__integer-part\">\n\t\t\t\t\t\t250\t\t\t\t\t<\/span>\n\t\t\t\t\n\t\t\t\t\n\t\t\t\t\n\t\t\t\t\t\t\t\t\t<span class=\"elementor-price-table__period elementor-typo-excluded\">Annuel<\/span>\t\t\t\t\t\t\t<\/div>\n\n\t\t\t\t\t\t\t<ul class=\"elementor-price-table__features-list\">\n\t\t\t\t\t\t\t\t\t\t\t<li class=\"elementor-repeater-item-a31cb8d\">\n\t\t\t\t\t\t\t<div class=\"elementor-price-table__feature-inner\">\n\t\t\t\t\t\t\t\t<i aria-hidden=\"true\" class=\"far fa-check-circle\"><\/i>\t\t\t\t\t\t\t\t\t\t\t\t\t\t\t\t\t<span >\n\t\t\t\t\t\t\t\t\t\tDes rencontres professionnelles \t\t\t\t\t\t\t\t\t<\/span>\n\t\t\t\t\t\t\t\t\t\t\t\t\t\t\t\t<\/div>\n\t\t\t\t\t\t<\/li>\n\t\t\t\t\t\t\t\t\t\t\t<li class=\"elementor-repeater-item-27e7dc1\">\n\t\t\t\t\t\t\t<div class=\"elementor-price-table__feature-inner\">\n\t\t\t\t\t\t\t\t<i aria-hidden=\"true\" class=\"far fa-check-circle\"><\/i>\t\t\t\t\t\t\t\t\t\t\t\t\t\t\t\t\t<span >\n\t\t\t\t\t\t\t\t\t\tUn accompagnement \t\t\t\t\t\t\t\t\t<\/span>\n\t\t\t\t\t\t\t\t\t\t\t\t\t\t\t\t<\/div>\n\t\t\t\t\t\t<\/li>\n\t\t\t\t\t\t\t\t\t\t\t<li class=\"elementor-repeater-item-f07c3c5\">\n\t\t\t\t\t\t\t<div class=\"elementor-price-table__feature-inner\">\n\t\t\t\t\t\t\t\t<i aria-hidden=\"true\" class=\"far fa-check-circle\"><\/i>\t\t\t\t\t\t\t\t\t\t\t\t\t\t\t\t\t<span >\n\t\t\t\t\t\t\t\t\t\tUne veille informative \t\t\t\t\t\t\t\t\t<\/span>\n\t\t\t\t\t\t\t\t\t\t\t\t\t\t\t\t<\/div>\n\t\t\t\t\t\t<\/li>\n\t\t\t\t\t\t\t\t\t<\/ul>\n\t\t\t\n\t\t\t\t\t\t\t<div class=\"elementor-price-table__footer\">\n\t\t\t\t\t\t\t\t\t\t\t<a class=\"elementor-price-table__button elementor-button elementor-size-md\" href=\"https:\/\/lille-tables-toques.fr\/wp-content\/uploads\/2026\/03\/Formulaire-adhesion-2026.pdf\">\n\t\t\t\t\t\t\tT\u00e9l\u00e9charger le dossier de demande d'adh\u00e9sion \t\t\t\t\t\t<\/a>\n\t\t\t\t\t\n\t\t\t\t\t\t\t\t\t\t\t<div class=\"elementor-price-table__additional_info\">\n\t\t\t\t\t\t\tDu 01\/01 au 31\/12\t\t\t\t\t\t<\/div>\n\t\t\t\t\t\t\t\t\t<\/div>\n\t\t\t\t\t<\/div>\n\n\t\t\t\t\t\t<\/div>\n\t\t\t\t<\/div>\n\t\t\t\t\t<\/div>\n\t\t<\/div>\n\t\t\t\t\t<\/div>\n\t\t<\/section>\n\t\t\t\t<section class=\"elementor-section elementor-top-section elementor-element elementor-element-18242811 elementor-section-boxed elementor-section-height-default elementor-section-height-default\" data-id=\"18242811\" data-element_type=\"section\" data-e-type=\"section\" data-settings=\"{&quot;background_background&quot;:&quot;classic&quot;}\">\n\t\t\t\t\t\t<div class=\"elementor-container elementor-column-gap-no\">\n\t\t\t\t\t<div class=\"elementor-column elementor-col-33 elementor-top-column elementor-element elementor-element-718d4e92\" data-id=\"718d4e92\" data-element_type=\"column\" data-e-type=\"column\">\n\t\t\t<div class=\"elementor-widget-wrap elementor-element-populated\">\n\t\t\t\t\t\t<div class=\"elementor-element elementor-element-c3bbec5 animated-slow elementor-widget__width-auto elementor-invisible elementor-widget elementor-widget-heading\" data-id=\"c3bbec5\" data-element_type=\"widget\" data-e-type=\"widget\" data-settings=\"{&quot;_animation&quot;:&quot;fadeIn&quot;}\" data-widget_type=\"heading.default\">\n\t\t\t\t<div class=\"elementor-widget-container\">\n\t\t\t\t\t<p class=\"elementor-heading-title elementor-size-default\">1<\/p>\t\t\t\t<\/div>\n\t\t\t\t<\/div>\n\t\t\t\t<div class=\"elementor-element elementor-element-d12ec88 animated-slow elementor-invisible elementor-widget elementor-widget-heading\" data-id=\"d12ec88\" data-element_type=\"widget\" data-e-type=\"widget\" data-settings=\"{&quot;_animation&quot;:&quot;fadeIn&quot;}\" data-widget_type=\"heading.default\">\n\t\t\t\t<div class=\"elementor-widget-container\">\n\t\t\t\t\t<h3 class=\"elementor-heading-title elementor-size-default\">cOMPL\u00c9TEZ LE DOSSIER D'ADH\u00c9SION<\/h3>\t\t\t\t<\/div>\n\t\t\t\t<\/div>\n\t\t\t\t<div class=\"elementor-element elementor-element-5cbcadf4 elementor-invisible elementor-widget elementor-widget-text-editor\" data-id=\"5cbcadf4\" data-element_type=\"widget\" data-e-type=\"widget\" data-settings=\"{&quot;_animation&quot;:&quot;fadeIn&quot;,&quot;_animation_delay&quot;:200}\" data-widget_type=\"text-editor.default\">\n\t\t\t\t<div class=\"elementor-widget-container\">\n\t\t\t\t\t\t\t\t\t<p>N\u2019oubliez pas de renseigner toutes les informations.<\/p>\t\t\t\t\t\t\t\t<\/div>\n\t\t\t\t<\/div>\n\t\t\t\t\t<\/div>\n\t\t<\/div>\n\t\t\t\t<div class=\"elementor-column elementor-col-33 elementor-top-column elementor-element elementor-element-7303c6df\" data-id=\"7303c6df\" data-element_type=\"column\" data-e-type=\"column\">\n\t\t\t<div class=\"elementor-widget-wrap elementor-element-populated\">\n\t\t\t\t\t\t<div class=\"elementor-element elementor-element-554d5f60 animated-slow elementor-widget__width-auto elementor-invisible elementor-widget elementor-widget-heading\" data-id=\"554d5f60\" data-element_type=\"widget\" data-e-type=\"widget\" data-settings=\"{&quot;_animation&quot;:&quot;fadeIn&quot;}\" data-widget_type=\"heading.default\">\n\t\t\t\t<div class=\"elementor-widget-container\">\n\t\t\t\t\t<p class=\"elementor-heading-title elementor-size-default\">2<\/p>\t\t\t\t<\/div>\n\t\t\t\t<\/div>\n\t\t\t\t<div class=\"elementor-element elementor-element-7d65ca7f animated-slow elementor-invisible elementor-widget elementor-widget-heading\" data-id=\"7d65ca7f\" data-element_type=\"widget\" data-e-type=\"widget\" data-settings=\"{&quot;_animation&quot;:&quot;fadeIn&quot;}\" data-widget_type=\"heading.default\">\n\t\t\t\t<div class=\"elementor-widget-container\">\n\t\t\t\t\t<h3 class=\"elementor-heading-title elementor-size-default\">ENVOYEZ-NOUS LE FORMULAIRE \u00c0 L'ADRESSE<br>CLUB@LILLE-TABLES-TOQUES.FR<\/h3>\t\t\t\t<\/div>\n\t\t\t\t<\/div>\n\t\t\t\t<div class=\"elementor-element elementor-element-5e6f787e elementor-invisible elementor-widget elementor-widget-text-editor\" data-id=\"5e6f787e\" data-element_type=\"widget\" data-e-type=\"widget\" data-settings=\"{&quot;_animation&quot;:&quot;fadeIn&quot;,&quot;_animation_delay&quot;:200}\" data-widget_type=\"text-editor.default\">\n\t\t\t\t<div class=\"elementor-widget-container\">\n\t\t\t\t\t\t\t\t\t<p>Votre dossier doit \u00eatre accompagn\u00e9 de la charte du club sign\u00e9e.<\/p>\t\t\t\t\t\t\t\t<\/div>\n\t\t\t\t<\/div>\n\t\t\t\t\t<\/div>\n\t\t<\/div>\n\t\t\t\t<div class=\"elementor-column elementor-col-33 elementor-top-column elementor-element elementor-element-c65db6d\" data-id=\"c65db6d\" data-element_type=\"column\" data-e-type=\"column\">\n\t\t\t<div class=\"elementor-widget-wrap elementor-element-populated\">\n\t\t\t\t\t\t<div class=\"elementor-element elementor-element-25267b9 animated-slow elementor-widget__width-auto elementor-invisible elementor-widget elementor-widget-heading\" data-id=\"25267b9\" data-element_type=\"widget\" data-e-type=\"widget\" data-settings=\"{&quot;_animation&quot;:&quot;fadeIn&quot;}\" data-widget_type=\"heading.default\">\n\t\t\t\t<div class=\"elementor-widget-container\">\n\t\t\t\t\t<p class=\"elementor-heading-title elementor-size-default\">3<\/p>\t\t\t\t<\/div>\n\t\t\t\t<\/div>\n\t\t\t\t<div class=\"elementor-element elementor-element-5ecc7d6b animated-slow elementor-invisible elementor-widget elementor-widget-heading\" data-id=\"5ecc7d6b\" data-element_type=\"widget\" data-e-type=\"widget\" data-settings=\"{&quot;_animation&quot;:&quot;fadeIn&quot;}\" data-widget_type=\"heading.default\">\n\t\t\t\t<div class=\"elementor-widget-container\">\n\t\t\t\t\t<h3 class=\"elementor-heading-title elementor-size-default\">VOTRE DEMANDE D'ADH\u00c9SION EST VALID\u00c9E ?<\/h3>\t\t\t\t<\/div>\n\t\t\t\t<\/div>\n\t\t\t\t<div class=\"elementor-element elementor-element-4347b3be elementor-invisible elementor-widget elementor-widget-text-editor\" data-id=\"4347b3be\" data-element_type=\"widget\" data-e-type=\"widget\" data-settings=\"{&quot;_animation&quot;:&quot;fadeIn&quot;,&quot;_animation_delay&quot;:200}\" data-widget_type=\"text-editor.default\">\n\t\t\t\t<div class=\"elementor-widget-container\">\n\t\t\t\t\t\t\t\t\t<p>R\u00e9glez le montant de la cotisation annuelle qui vous sera demand\u00e9 par devis ainsi que votre logo !\u00a0<\/p>\t\t\t\t\t\t\t\t<\/div>\n\t\t\t\t<\/div>\n\t\t\t\t\t<\/div>\n\t\t<\/div>\n\t\t\t\t\t<\/div>\n\t\t<\/section>\n\t\t\t\t<section class=\"elementor-section elementor-top-section elementor-element elementor-element-0aff29d elementor-section-boxed elementor-section-height-default elementor-section-height-default\" data-id=\"0aff29d\" data-element_type=\"section\" data-e-type=\"section\">\n\t\t\t\t\t\t<div class=\"elementor-container elementor-column-gap-narrow\">\n\t\t\t\t\t<div class=\"elementor-column elementor-col-33 elementor-top-column elementor-element elementor-element-c1455ba\" data-id=\"c1455ba\" data-element_type=\"column\" data-e-type=\"column\">\n\t\t\t<div class=\"elementor-widget-wrap elementor-element-populated\">\n\t\t\t\t\t\t<div class=\"elementor-element elementor-element-a422ee3 elementor-widget elementor-widget-image\" data-id=\"a422ee3\" data-element_type=\"widget\" data-e-type=\"widget\" data-widget_type=\"image.default\">\n\t\t\t\t<div class=\"elementor-widget-container\">\n\t\t\t\t\t\t\t\t\t\t\t\t\t\t\t<img fetchpriority=\"high\" decoding=\"async\" width=\"1024\" height=\"683\" src=\"https:\/\/lille-tables-toques.fr\/wp-content\/uploads\/2026\/03\/Design-sans-titre-8.png\" class=\"attachment-large size-large wp-image-6103\" alt=\"\" srcset=\"https:\/\/lille-tables-toques.fr\/wp-content\/uploads\/2026\/03\/Design-sans-titre-8.png 1024w, https:\/\/lille-tables-toques.fr\/wp-content\/uploads\/2026\/03\/Design-sans-titre-8-300x200.png 300w, https:\/\/lille-tables-toques.fr\/wp-content\/uploads\/2026\/03\/Design-sans-titre-8-768x512.png 768w\" sizes=\"(max-width: 1024px) 100vw, 1024px\" \/>\t\t\t\t\t\t\t\t\t\t\t\t\t\t\t<\/div>\n\t\t\t\t<\/div>\n\t\t\t\t\t<\/div>\n\t\t<\/div>\n\t\t\t\t<div class=\"elementor-column elementor-col-33 elementor-top-column elementor-element elementor-element-c7bbccb\" data-id=\"c7bbccb\" data-element_type=\"column\" data-e-type=\"column\">\n\t\t\t<div class=\"elementor-widget-wrap elementor-element-populated\">\n\t\t\t\t\t\t<div class=\"elementor-element elementor-element-c59cfc4 elementor-widget elementor-widget-image\" data-id=\"c59cfc4\" data-element_type=\"widget\" data-e-type=\"widget\" data-widget_type=\"image.default\">\n\t\t\t\t<div class=\"elementor-widget-container\">\n\t\t\t\t\t\t\t\t\t\t\t\t\t\t\t<img decoding=\"async\" width=\"1024\" height=\"683\" src=\"https:\/\/lille-tables-toques.fr\/wp-content\/uploads\/2023\/06\/2023-01-Tables-_-Toques-201-1024x683.jpg\" class=\"attachment-large size-large wp-image-630\" alt=\"\" srcset=\"https:\/\/lille-tables-toques.fr\/wp-content\/uploads\/2023\/06\/2023-01-Tables-_-Toques-201-1024x683.jpg 1024w, https:\/\/lille-tables-toques.fr\/wp-content\/uploads\/2023\/06\/2023-01-Tables-_-Toques-201-300x200.jpg 300w, https:\/\/lille-tables-toques.fr\/wp-content\/uploads\/2023\/06\/2023-01-Tables-_-Toques-201-768x512.jpg 768w, https:\/\/lille-tables-toques.fr\/wp-content\/uploads\/2023\/06\/2023-01-Tables-_-Toques-201-1536x1024.jpg 1536w\" sizes=\"(max-width: 1024px) 100vw, 1024px\" \/>\t\t\t\t\t\t\t\t\t\t\t\t\t\t\t<\/div>\n\t\t\t\t<\/div>\n\t\t\t\t\t<\/div>\n\t\t<\/div>\n\t\t\t\t<div class=\"elementor-column elementor-col-33 elementor-top-column elementor-element elementor-element-b268fd5\" data-id=\"b268fd5\" data-element_type=\"column\" data-e-type=\"column\">\n\t\t\t<div class=\"elementor-widget-wrap elementor-element-populated\">\n\t\t\t\t\t\t<div class=\"elementor-element elementor-element-e8175f9 elementor-widget elementor-widget-image\" data-id=\"e8175f9\" data-element_type=\"widget\" data-e-type=\"widget\" data-widget_type=\"image.default\">\n\t\t\t\t<div class=\"elementor-widget-container\">\n\t\t\t\t\t\t\t\t\t\t\t\t\t\t\t<img decoding=\"async\" width=\"1024\" height=\"683\" src=\"https:\/\/lille-tables-toques.fr\/wp-content\/uploads\/2023\/06\/2023-01-Tables-Toques-246-1024x683.jpg\" class=\"attachment-large size-large wp-image-621\" alt=\"\" srcset=\"https:\/\/lille-tables-toques.fr\/wp-content\/uploads\/2023\/06\/2023-01-Tables-Toques-246-1024x683.jpg 1024w, https:\/\/lille-tables-toques.fr\/wp-content\/uploads\/2023\/06\/2023-01-Tables-Toques-246-300x200.jpg 300w, https:\/\/lille-tables-toques.fr\/wp-content\/uploads\/2023\/06\/2023-01-Tables-Toques-246-768x512.jpg 768w, https:\/\/lille-tables-toques.fr\/wp-content\/uploads\/2023\/06\/2023-01-Tables-Toques-246-1536x1024.jpg 1536w, https:\/\/lille-tables-toques.fr\/wp-content\/uploads\/2023\/06\/2023-01-Tables-Toques-246.jpg 1600w\" sizes=\"(max-width: 1024px) 100vw, 1024px\" \/>\t\t\t\t\t\t\t\t\t\t\t\t\t\t\t<\/div>\n\t\t\t\t<\/div>\n\t\t\t\t\t<\/div>\n\t\t<\/div>\n\t\t\t\t\t<\/div>\n\t\t<\/section>\n\t\t\t\t<\/div>\n\t\t","protected":false},"excerpt":{"rendered":"<p>Rejoignez Lille Tables &#038; Toques Le club des professionnels de la gastronomie en Hauts-de-France &#8364; 250 Annuel Des rencontres professionnelles Un accompagnement Une veille informative T\u00e9l\u00e9charger le dossier de demande &hellip; <\/p>\n<p class=\"link-more\"><a href=\"https:\/\/lille-tables-toques.fr\/index.php\/devenir-membre\/\" class=\"more-link\">Continue reading<span class=\"screen-reader-text\"> \u00ab\u00a0Devenir membre\u00a0\u00bb<\/span><\/a><\/p>\n","protected":false},"author":1,"featured_media":0,"parent":0,"menu_order":0,"comment_status":"closed","ping_status":"closed","template":"","meta":{"footnotes":""},"class_list":["post-661","page","type-page","status-publish","hentry"],"yoast_head":"<!-- This site is optimized with the Yoast SEO plugin v24.7 - https:\/\/yoast.com\/wordpress\/plugins\/seo\/ -->\n<title>Devenir membre - Lille Tables &amp; Toques<\/title>\n<meta name=\"description\" content=\"Devenir membre : Rejoignez Lille Tables &amp; Toques, le club des professionnels de la gastronomie en Hauts-de-France\" \/>\n<meta name=\"robots\" content=\"index, follow, max-snippet:-1, max-image-preview:large, max-video-preview:-1\" \/>\n<link rel=\"canonical\" href=\"https:\/\/lille-tables-toques.fr\/index.php\/devenir-membre\/\" \/>\n<meta property=\"og:locale\" content=\"fr_FR\" \/>\n<meta property=\"og:type\" content=\"article\" \/>\n<meta property=\"og:title\" content=\"Devenir membre - Lille Tables &amp; Toques\" \/>\n<meta property=\"og:description\" content=\"Devenir membre : Rejoignez Lille Tables &amp; Toques, le club des professionnels de la gastronomie en Hauts-de-France\" \/>\n<meta property=\"og:url\" content=\"https:\/\/lille-tables-toques.fr\/index.php\/devenir-membre\/\" \/>\n<meta property=\"og:site_name\" content=\"Lille Tables &amp; Toques\" \/>\n<meta property=\"article:publisher\" content=\"https:\/\/www.facebook.com\/tablesettoques\/?locale=fr_FR\" \/>\n<meta property=\"article:modified_time\" content=\"2026-03-27T15:34:57+00:00\" \/>\n<meta property=\"og:image\" content=\"https:\/\/lille-tables-toques.fr\/wp-content\/uploads\/2026\/03\/Design-sans-titre-8.png\" \/>\n<meta name=\"twitter:card\" content=\"summary_large_image\" \/>\n<meta name=\"twitter:label1\" content=\"Dur\u00e9e de lecture estim\u00e9e\" \/>\n\t<meta name=\"twitter:data1\" content=\"2 minutes\" \/>\n<script type=\"application\/ld+json\" class=\"yoast-schema-graph\">{\"@context\":\"https:\/\/schema.org\",\"@graph\":[{\"@type\":\"WebPage\",\"@id\":\"https:\/\/lille-tables-toques.fr\/index.php\/devenir-membre\/\",\"url\":\"https:\/\/lille-tables-toques.fr\/index.php\/devenir-membre\/\",\"name\":\"Devenir membre - Lille Tables &amp; Toques\",\"isPartOf\":{\"@id\":\"https:\/\/lille-tables-toques.fr\/#website\"},\"primaryImageOfPage\":{\"@id\":\"https:\/\/lille-tables-toques.fr\/index.php\/devenir-membre\/#primaryimage\"},\"image\":{\"@id\":\"https:\/\/lille-tables-toques.fr\/index.php\/devenir-membre\/#primaryimage\"},\"thumbnailUrl\":\"https:\/\/lille-tables-toques.fr\/wp-content\/uploads\/2026\/03\/Design-sans-titre-8.png\",\"datePublished\":\"2023-06-19T19:48:31+00:00\",\"dateModified\":\"2026-03-27T15:34:57+00:00\",\"description\":\"Devenir membre : Rejoignez Lille Tables & Toques, le club des professionnels de la gastronomie en Hauts-de-France\",\"inLanguage\":\"fr-FR\",\"potentialAction\":[{\"@type\":\"ReadAction\",\"target\":[\"https:\/\/lille-tables-toques.fr\/index.php\/devenir-membre\/\"]}]},{\"@type\":\"ImageObject\",\"inLanguage\":\"fr-FR\",\"@id\":\"https:\/\/lille-tables-toques.fr\/index.php\/devenir-membre\/#primaryimage\",\"url\":\"https:\/\/lille-tables-toques.fr\/wp-content\/uploads\/2026\/03\/Design-sans-titre-8.png\",\"contentUrl\":\"https:\/\/lille-tables-toques.fr\/wp-content\/uploads\/2026\/03\/Design-sans-titre-8.png\",\"width\":1024,\"height\":683},{\"@type\":\"WebSite\",\"@id\":\"https:\/\/lille-tables-toques.fr\/#website\",\"url\":\"https:\/\/lille-tables-toques.fr\/\",\"name\":\"Lille Tables & Toques\",\"description\":\"Le club des professionnels de la gastronomie des Hauts-de-France\",\"publisher\":{\"@id\":\"https:\/\/lille-tables-toques.fr\/#organization\"},\"potentialAction\":[{\"@type\":\"SearchAction\",\"target\":{\"@type\":\"EntryPoint\",\"urlTemplate\":\"https:\/\/lille-tables-toques.fr\/?s={search_term_string}\"},\"query-input\":{\"@type\":\"PropertyValueSpecification\",\"valueRequired\":true,\"valueName\":\"search_term_string\"}}],\"inLanguage\":\"fr-FR\"},{\"@type\":\"Organization\",\"@id\":\"https:\/\/lille-tables-toques.fr\/#organization\",\"name\":\"Lille Tables & Toques\",\"url\":\"https:\/\/lille-tables-toques.fr\/\",\"logo\":{\"@type\":\"ImageObject\",\"inLanguage\":\"fr-FR\",\"@id\":\"https:\/\/lille-tables-toques.fr\/#\/schema\/logo\/image\/\",\"url\":\"https:\/\/lille-tables-toques.fr\/wp-content\/uploads\/2023\/06\/Copie-de-unnamed-2.jpg\",\"contentUrl\":\"https:\/\/lille-tables-toques.fr\/wp-content\/uploads\/2023\/06\/Copie-de-unnamed-2.jpg\",\"width\":512,\"height\":512,\"caption\":\"Lille Tables & Toques\"},\"image\":{\"@id\":\"https:\/\/lille-tables-toques.fr\/#\/schema\/logo\/image\/\"},\"sameAs\":[\"https:\/\/www.facebook.com\/tablesettoques\/?locale=fr_FR\",\"https:\/\/www.linkedin.com\/company\/lille-tables-toques\/\",\"https:\/\/www.instagram.com\/tables_et_toques\/\"]}]}<\/script>\n<!-- \/ Yoast SEO plugin. -->","yoast_head_json":{"title":"Devenir membre - Lille Tables &amp; Toques","description":"Devenir membre : Rejoignez Lille Tables & Toques, le club des professionnels de la gastronomie en Hauts-de-France","robots":{"index":"index","follow":"follow","max-snippet":"max-snippet:-1","max-image-preview":"max-image-preview:large","max-video-preview":"max-video-preview:-1"},"canonical":"https:\/\/lille-tables-toques.fr\/index.php\/devenir-membre\/","og_locale":"fr_FR","og_type":"article","og_title":"Devenir membre - Lille Tables &amp; Toques","og_description":"Devenir membre : Rejoignez Lille Tables & Toques, le club des professionnels de la gastronomie en Hauts-de-France","og_url":"https:\/\/lille-tables-toques.fr\/index.php\/devenir-membre\/","og_site_name":"Lille Tables &amp; Toques","article_publisher":"https:\/\/www.facebook.com\/tablesettoques\/?locale=fr_FR","article_modified_time":"2026-03-27T15:34:57+00:00","og_image":[{"url":"https:\/\/lille-tables-toques.fr\/wp-content\/uploads\/2026\/03\/Design-sans-titre-8.png","type":"","width":"","height":""}],"twitter_card":"summary_large_image","twitter_misc":{"Dur\u00e9e de lecture estim\u00e9e":"2 minutes"},"schema":{"@context":"https:\/\/schema.org","@graph":[{"@type":"WebPage","@id":"https:\/\/lille-tables-toques.fr\/index.php\/devenir-membre\/","url":"https:\/\/lille-tables-toques.fr\/index.php\/devenir-membre\/","name":"Devenir membre - Lille Tables &amp; Toques","isPartOf":{"@id":"https:\/\/lille-tables-toques.fr\/#website"},"primaryImageOfPage":{"@id":"https:\/\/lille-tables-toques.fr\/index.php\/devenir-membre\/#primaryimage"},"image":{"@id":"https:\/\/lille-tables-toques.fr\/index.php\/devenir-membre\/#primaryimage"},"thumbnailUrl":"https:\/\/lille-tables-toques.fr\/wp-content\/uploads\/2026\/03\/Design-sans-titre-8.png","datePublished":"2023-06-19T19:48:31+00:00","dateModified":"2026-03-27T15:34:57+00:00","description":"Devenir membre : Rejoignez Lille Tables & Toques, le club des professionnels de la gastronomie en Hauts-de-France","inLanguage":"fr-FR","potentialAction":[{"@type":"ReadAction","target":["https:\/\/lille-tables-toques.fr\/index.php\/devenir-membre\/"]}]},{"@type":"ImageObject","inLanguage":"fr-FR","@id":"https:\/\/lille-tables-toques.fr\/index.php\/devenir-membre\/#primaryimage","url":"https:\/\/lille-tables-toques.fr\/wp-content\/uploads\/2026\/03\/Design-sans-titre-8.png","contentUrl":"https:\/\/lille-tables-toques.fr\/wp-content\/uploads\/2026\/03\/Design-sans-titre-8.png","width":1024,"height":683},{"@type":"WebSite","@id":"https:\/\/lille-tables-toques.fr\/#website","url":"https:\/\/lille-tables-toques.fr\/","name":"Lille Tables & Toques","description":"Le club des professionnels de la gastronomie des Hauts-de-France","publisher":{"@id":"https:\/\/lille-tables-toques.fr\/#organization"},"potentialAction":[{"@type":"SearchAction","target":{"@type":"EntryPoint","urlTemplate":"https:\/\/lille-tables-toques.fr\/?s={search_term_string}"},"query-input":{"@type":"PropertyValueSpecification","valueRequired":true,"valueName":"search_term_string"}}],"inLanguage":"fr-FR"},{"@type":"Organization","@id":"https:\/\/lille-tables-toques.fr\/#organization","name":"Lille Tables & Toques","url":"https:\/\/lille-tables-toques.fr\/","logo":{"@type":"ImageObject","inLanguage":"fr-FR","@id":"https:\/\/lille-tables-toques.fr\/#\/schema\/logo\/image\/","url":"https:\/\/lille-tables-toques.fr\/wp-content\/uploads\/2023\/06\/Copie-de-unnamed-2.jpg","contentUrl":"https:\/\/lille-tables-toques.fr\/wp-content\/uploads\/2023\/06\/Copie-de-unnamed-2.jpg","width":512,"height":512,"caption":"Lille Tables & Toques"},"image":{"@id":"https:\/\/lille-tables-toques.fr\/#\/schema\/logo\/image\/"},"sameAs":["https:\/\/www.facebook.com\/tablesettoques\/?locale=fr_FR","https:\/\/www.linkedin.com\/company\/lille-tables-toques\/","https:\/\/www.instagram.com\/tables_et_toques\/"]}]}},"_links":{"self":[{"href":"https:\/\/lille-tables-toques.fr\/index.php\/wp-json\/wp\/v2\/pages\/661","targetHints":{"allow":["GET"]}}],"collection":[{"href":"https:\/\/lille-tables-toques.fr\/index.php\/wp-json\/wp\/v2\/pages"}],"about":[{"href":"https:\/\/lille-tables-toques.fr\/index.php\/wp-json\/wp\/v2\/types\/page"}],"author":[{"embeddable":true,"href":"https:\/\/lille-tables-toques.fr\/index.php\/wp-json\/wp\/v2\/users\/1"}],"replies":[{"embeddable":true,"href":"https:\/\/lille-tables-toques.fr\/index.php\/wp-json\/wp\/v2\/comments?post=661"}],"version-history":[{"count":56,"href":"https:\/\/lille-tables-toques.fr\/index.php\/wp-json\/wp\/v2\/pages\/661\/revisions"}],"predecessor-version":[{"id":6106,"href":"https:\/\/lille-tables-toques.fr\/index.php\/wp-json\/wp\/v2\/pages\/661\/revisions\/6106"}],"wp:attachment":[{"href":"https:\/\/lille-tables-toques.fr\/index.php\/wp-json\/wp\/v2\/media?parent=661"}],"curies":[{"name":"wp","href":"https:\/\/api.w.org\/{rel}","templated":true}]}}