{"id":5683,"date":"2025-12-12T15:45:07","date_gmt":"2025-12-12T14:45:07","guid":{"rendered":"https:\/\/lille-tables-toques.fr\/?page_id=5683"},"modified":"2026-02-17T15:10:06","modified_gmt":"2026-02-17T14:10:06","slug":"les-croisieres-lille-tables-toques-bon-cadeau","status":"publish","type":"page","link":"https:\/\/lille-tables-toques.fr\/index.php\/les-croisieres-lille-tables-toques-bon-cadeau\/","title":{"rendered":"Les Croisi\u00e8res Lille Tables &amp; Toques &#8211; Bon cadeau"},"content":{"rendered":"\t\t<div data-elementor-type=\"wp-page\" data-elementor-id=\"5683\" class=\"elementor elementor-5683\" data-elementor-post-type=\"page\">\n\t\t\t\t\t\t<section class=\"elementor-section elementor-top-section elementor-element elementor-element-4f8f8ab elementor-section-boxed elementor-section-height-default elementor-section-height-default\" data-id=\"4f8f8ab\" data-element_type=\"section\" data-e-type=\"section\">\n\t\t\t\t\t\t<div class=\"elementor-container elementor-column-gap-default\">\n\t\t\t\t\t<div class=\"elementor-column elementor-col-100 elementor-top-column elementor-element elementor-element-ba59e6a\" data-id=\"ba59e6a\" data-element_type=\"column\" data-e-type=\"column\">\n\t\t\t<div class=\"elementor-widget-wrap elementor-element-populated\">\n\t\t\t\t\t\t<div class=\"elementor-element elementor-element-03d7844 elementor-widget elementor-widget-image\" data-id=\"03d7844\" data-element_type=\"widget\" data-e-type=\"widget\" data-widget_type=\"image.default\">\n\t\t\t\t<div class=\"elementor-widget-container\">\n\t\t\t\t\t\t\t\t\t\t\t\t\t\t\t<img fetchpriority=\"high\" decoding=\"async\" width=\"2560\" height=\"1105\" src=\"https:\/\/lille-tables-toques.fr\/wp-content\/uploads\/2025\/12\/Lille-Tables-toques-croisiere-journee-abnnieere-site-scaled.jpg\" class=\"attachment-full size-full wp-image-5679\" alt=\"\" srcset=\"https:\/\/lille-tables-toques.fr\/wp-content\/uploads\/2025\/12\/Lille-Tables-toques-croisiere-journee-abnnieere-site-scaled.jpg 2560w, https:\/\/lille-tables-toques.fr\/wp-content\/uploads\/2025\/12\/Lille-Tables-toques-croisiere-journee-abnnieere-site-300x129.jpg 300w, https:\/\/lille-tables-toques.fr\/wp-content\/uploads\/2025\/12\/Lille-Tables-toques-croisiere-journee-abnnieere-site-1024x442.jpg 1024w, https:\/\/lille-tables-toques.fr\/wp-content\/uploads\/2025\/12\/Lille-Tables-toques-croisiere-journee-abnnieere-site-768x331.jpg 768w, https:\/\/lille-tables-toques.fr\/wp-content\/uploads\/2025\/12\/Lille-Tables-toques-croisiere-journee-abnnieere-site-1536x663.jpg 1536w, https:\/\/lille-tables-toques.fr\/wp-content\/uploads\/2025\/12\/Lille-Tables-toques-croisiere-journee-abnnieere-site-2048x884.jpg 2048w\" sizes=\"(max-width: 2560px) 100vw, 2560px\" \/>\t\t\t\t\t\t\t\t\t\t\t\t\t\t\t<\/div>\n\t\t\t\t<\/div>\n\t\t\t\t\t<\/div>\n\t\t<\/div>\n\t\t\t\t\t<\/div>\n\t\t<\/section>\n\t\t\t\t<section class=\"elementor-section elementor-top-section elementor-element elementor-element-f43504c elementor-section-boxed elementor-section-height-default elementor-section-height-default\" data-id=\"f43504c\" data-element_type=\"section\" data-e-type=\"section\">\n\t\t\t\t\t\t<div class=\"elementor-container elementor-column-gap-default\">\n\t\t\t\t\t<div class=\"elementor-column elementor-col-100 elementor-top-column elementor-element elementor-element-545d157\" data-id=\"545d157\" data-element_type=\"column\" data-e-type=\"column\">\n\t\t\t<div class=\"elementor-widget-wrap elementor-element-populated\">\n\t\t\t\t\t\t<div class=\"elementor-element elementor-element-0368050 elementor-widget elementor-widget-text-editor\" data-id=\"0368050\" data-element_type=\"widget\" data-e-type=\"widget\" data-widget_type=\"text-editor.default\">\n\t\t\t\t<div class=\"elementor-widget-container\">\n\t\t\t\t\t\t\t\t\t<p>\u201cLes Croisi\u00e8res Lille Tables et Toques\u201d vous proposent un voyage gastronomique m\u00ealant cuisine d\u2019excellence et tourisme fluvial. \u00c0 chaque \u00e9dition, un chef de la r\u00e9gion vous propose un menu de prestige avec accords mets et vins, explorant le patrimoine culinaire du territoire, avec des produits locaux issus du circuit court, pour sublimer le terroir des Hauts-de-France.<\/p><p><strong>Les dates des croisi\u00e8res 2026 :<\/strong> <br \/>Dimanche 15 f\u00e9vrier 2026 \u2013 Sp\u00e9cial Saint-Valentin<br \/>Dimanche 15 mars 2026\u00a0<br \/>Dimanche 5 avril 2026 \u2013 Sp\u00e9cial P\u00e2ques<br \/>Dimanche 31 mai 2026 \u2013 Sp\u00e9cial F\u00eate des M\u00e8res<br \/>Dimanche 5 juillet 2026<br \/>Dimanche 13 septembre 2026<br \/>Dimanche 11 octobre 2026<br \/>Dimanche 15 novembre 2026<\/p><div class=\"CampaignPresentation Card\" data-testid=\"campaign-presentation\"><div class=\"GeneratedContentWrapper\"><div class=\"'GeneratedContent\"><p><strong>Merci de r\u00e9server la date souhait\u00e9e 1 mois avant au plus tard \u00e0 l&rsquo;adresse club@lille-tables-toques.fr<\/strong><\/p><\/div><\/div><\/div>\t\t\t\t\t\t\t\t<\/div>\n\t\t\t\t<\/div>\n\t\t\t\t\t<\/div>\n\t\t<\/div>\n\t\t\t\t\t<\/div>\n\t\t<\/section>\n\t\t\t\t<section class=\"elementor-section elementor-top-section elementor-element elementor-element-05afdf1 elementor-section-boxed elementor-section-height-default elementor-section-height-default\" data-id=\"05afdf1\" data-element_type=\"section\" data-e-type=\"section\">\n\t\t\t\t\t\t<div class=\"elementor-container elementor-column-gap-default\">\n\t\t\t\t\t<div class=\"elementor-column elementor-col-100 elementor-top-column elementor-element elementor-element-06ec65d\" data-id=\"06ec65d\" data-element_type=\"column\" data-e-type=\"column\">\n\t\t\t<div class=\"elementor-widget-wrap elementor-element-populated\">\n\t\t\t\t\t\t<div class=\"elementor-element elementor-element-eac011b elementor-headline--style-highlight elementor-widget elementor-widget-animated-headline\" data-id=\"eac011b\" data-element_type=\"widget\" data-e-type=\"widget\" data-settings=\"{&quot;highlighted_text&quot;:&quot;bon cadeau&quot;,&quot;headline_style&quot;:&quot;highlight&quot;,&quot;marker&quot;:&quot;circle&quot;,&quot;loop&quot;:&quot;yes&quot;,&quot;highlight_animation_duration&quot;:1200,&quot;highlight_iteration_delay&quot;:8000}\" data-widget_type=\"animated-headline.default\">\n\t\t\t\t<div class=\"elementor-widget-container\">\n\t\t\t\t\t\t\t<h3 class=\"elementor-headline\">\n\t\t\t\t\t<span class=\"elementor-headline-plain-text elementor-headline-text-wrapper\">R\u00e9servez mon<\/span>\n\t\t\t\t<span class=\"elementor-headline-dynamic-wrapper elementor-headline-text-wrapper\">\n\t\t\t\t\t<span class=\"elementor-headline-dynamic-text elementor-headline-text-active\">bon cadeau<\/span>\n\t\t\t\t<\/span>\n\t\t\t\t<\/h3>\n\t\t\t\t\t\t<\/div>\n\t\t\t\t<\/div>\n\t\t\t\t<div class=\"elementor-element elementor-element-bcbc76a elementor-widget elementor-widget-html\" data-id=\"bcbc76a\" data-element_type=\"widget\" data-e-type=\"widget\" data-widget_type=\"html.default\">\n\t\t\t\t<div class=\"elementor-widget-container\">\n\t\t\t\t\t<iframe id=\"haWidget\" allowtransparency=\"true\" src=\"https:\/\/www.helloasso.com\/associations\/lille-tables-et-toques\/evenements\/les-croisieres-lille-tables-et-toques-carte-cadeau-2026\/widget\" style=\"width: 100%; border: none;\" onload=\"window.addEventListener( 'message', function(e) { const dataHeight = e.data.height; const haWidgetElement = document.getElementById('haWidget'); haWidgetElement.height = dataHeight + 'px'; } )\" ><\/iframe>\t\t\t\t<\/div>\n\t\t\t\t<\/div>\n\t\t\t\t\t<\/div>\n\t\t<\/div>\n\t\t\t\t\t<\/div>\n\t\t<\/section>\n\t\t\t\t<section class=\"elementor-section elementor-top-section elementor-element elementor-element-acc8e40 elementor-section-content-middle elementor-section-boxed elementor-section-height-default elementor-section-height-default\" data-id=\"acc8e40\" data-element_type=\"section\" data-e-type=\"section\">\n\t\t\t\t\t\t<div class=\"elementor-container elementor-column-gap-default\">\n\t\t\t\t\t<div class=\"elementor-column elementor-col-25 elementor-top-column elementor-element elementor-element-9c0e923\" data-id=\"9c0e923\" data-element_type=\"column\" data-e-type=\"column\">\n\t\t\t<div class=\"elementor-widget-wrap elementor-element-populated\">\n\t\t\t\t\t\t<div class=\"elementor-element elementor-element-b6f900f elementor-widget elementor-widget-heading\" data-id=\"b6f900f\" data-element_type=\"widget\" data-e-type=\"widget\" data-widget_type=\"heading.default\">\n\t\t\t\t<div class=\"elementor-widget-container\">\n\t\t\t\t\t<h3 class=\"elementor-heading-title elementor-size-default\">Partenaires<\/h3>\t\t\t\t<\/div>\n\t\t\t\t<\/div>\n\t\t\t\t\t<\/div>\n\t\t<\/div>\n\t\t\t\t<div class=\"elementor-column elementor-col-25 elementor-top-column elementor-element elementor-element-48cb121\" data-id=\"48cb121\" data-element_type=\"column\" data-e-type=\"column\">\n\t\t\t<div class=\"elementor-widget-wrap elementor-element-populated\">\n\t\t\t\t\t\t<div class=\"elementor-element elementor-element-effc265 elementor-widget elementor-widget-image\" data-id=\"effc265\" data-element_type=\"widget\" data-e-type=\"widget\" data-widget_type=\"image.default\">\n\t\t\t\t<div class=\"elementor-widget-container\">\n\t\t\t\t\t\t\t\t\t\t\t\t\t\t\t<img decoding=\"async\" width=\"150\" height=\"150\" src=\"https:\/\/lille-tables-toques.fr\/wp-content\/uploads\/2023\/06\/PArtenaire-1-150x150.png\" class=\"attachment-thumbnail size-thumbnail wp-image-1027\" alt=\"\" srcset=\"https:\/\/lille-tables-toques.fr\/wp-content\/uploads\/2023\/06\/PArtenaire-1-150x150.png 150w, https:\/\/lille-tables-toques.fr\/wp-content\/uploads\/2023\/06\/PArtenaire-1-300x300.png 300w, https:\/\/lille-tables-toques.fr\/wp-content\/uploads\/2023\/06\/PArtenaire-1-100x100.png 100w, https:\/\/lille-tables-toques.fr\/wp-content\/uploads\/2023\/06\/PArtenaire-1.png 625w\" sizes=\"(max-width: 150px) 100vw, 150px\" \/>\t\t\t\t\t\t\t\t\t\t\t\t\t\t\t<\/div>\n\t\t\t\t<\/div>\n\t\t\t\t\t<\/div>\n\t\t<\/div>\n\t\t\t\t<div class=\"elementor-column elementor-col-25 elementor-top-column elementor-element elementor-element-1197328\" data-id=\"1197328\" data-element_type=\"column\" data-e-type=\"column\">\n\t\t\t<div class=\"elementor-widget-wrap elementor-element-populated\">\n\t\t\t\t\t\t<div class=\"elementor-element elementor-element-d56294d elementor-widget elementor-widget-image\" data-id=\"d56294d\" data-element_type=\"widget\" data-e-type=\"widget\" data-widget_type=\"image.default\">\n\t\t\t\t<div class=\"elementor-widget-container\">\n\t\t\t\t\t\t\t\t\t\t\t\t\t\t\t<img decoding=\"async\" width=\"150\" height=\"150\" src=\"https:\/\/lille-tables-toques.fr\/wp-content\/uploads\/2023\/06\/PArtenaire2-1-150x150.png\" class=\"attachment-thumbnail size-thumbnail wp-image-1026\" alt=\"\" srcset=\"https:\/\/lille-tables-toques.fr\/wp-content\/uploads\/2023\/06\/PArtenaire2-1-150x150.png 150w, https:\/\/lille-tables-toques.fr\/wp-content\/uploads\/2023\/06\/PArtenaire2-1-300x300.png 300w, https:\/\/lille-tables-toques.fr\/wp-content\/uploads\/2023\/06\/PArtenaire2-1-100x100.png 100w, https:\/\/lille-tables-toques.fr\/wp-content\/uploads\/2023\/06\/PArtenaire2-1.png 625w\" sizes=\"(max-width: 150px) 100vw, 150px\" \/>\t\t\t\t\t\t\t\t\t\t\t\t\t\t\t<\/div>\n\t\t\t\t<\/div>\n\t\t\t\t\t<\/div>\n\t\t<\/div>\n\t\t\t\t<div class=\"elementor-column elementor-col-25 elementor-top-column elementor-element elementor-element-2108b6e\" data-id=\"2108b6e\" data-element_type=\"column\" data-e-type=\"column\">\n\t\t\t<div class=\"elementor-widget-wrap elementor-element-populated\">\n\t\t\t\t\t\t<div class=\"elementor-element elementor-element-0aa7a98 elementor-widget elementor-widget-image\" data-id=\"0aa7a98\" data-element_type=\"widget\" data-e-type=\"widget\" data-widget_type=\"image.default\">\n\t\t\t\t<div class=\"elementor-widget-container\">\n\t\t\t\t\t\t\t\t\t\t\t\t\t\t\t<img loading=\"lazy\" decoding=\"async\" width=\"150\" height=\"150\" src=\"https:\/\/lille-tables-toques.fr\/wp-content\/uploads\/2023\/06\/PArtenaire3-1-150x150.png\" class=\"attachment-thumbnail size-thumbnail wp-image-1025\" alt=\"\" srcset=\"https:\/\/lille-tables-toques.fr\/wp-content\/uploads\/2023\/06\/PArtenaire3-1-150x150.png 150w, https:\/\/lille-tables-toques.fr\/wp-content\/uploads\/2023\/06\/PArtenaire3-1-300x300.png 300w, https:\/\/lille-tables-toques.fr\/wp-content\/uploads\/2023\/06\/PArtenaire3-1-100x100.png 100w, https:\/\/lille-tables-toques.fr\/wp-content\/uploads\/2023\/06\/PArtenaire3-1.png 625w\" sizes=\"(max-width: 150px) 100vw, 150px\" \/>\t\t\t\t\t\t\t\t\t\t\t\t\t\t\t<\/div>\n\t\t\t\t<\/div>\n\t\t\t\t\t<\/div>\n\t\t<\/div>\n\t\t\t\t\t<\/div>\n\t\t<\/section>\n\t\t\t\t<\/div>\n\t\t","protected":false},"excerpt":{"rendered":"<p>\u201cLes Croisi\u00e8res Lille Tables et Toques\u201d vous proposent un voyage gastronomique m\u00ealant cuisine d\u2019excellence et tourisme fluvial. \u00c0 chaque \u00e9dition, un chef de la r\u00e9gion vous propose un menu de &hellip; <\/p>\n<p class=\"link-more\"><a href=\"https:\/\/lille-tables-toques.fr\/index.php\/les-croisieres-lille-tables-toques-bon-cadeau\/\" class=\"more-link\">Continue reading<span class=\"screen-reader-text\"> \u00ab\u00a0Les Croisi\u00e8res Lille Tables &amp; Toques &#8211; Bon cadeau\u00a0\u00bb<\/span><\/a><\/p>\n","protected":false},"author":1,"featured_media":0,"parent":0,"menu_order":0,"comment_status":"closed","ping_status":"closed","template":"","meta":{"footnotes":""},"class_list":["post-5683","page","type-page","status-publish","hentry"],"yoast_head":"<!-- This site is optimized with the Yoast SEO plugin v24.7 - https:\/\/yoast.com\/wordpress\/plugins\/seo\/ -->\n<title>Les Croisi\u00e8res Lille Tables &amp; Toques - Bon cadeau - Lille Tables &amp; Toques<\/title>\n<meta name=\"description\" content=\"\u201cLes Croisi\u00e8res Lille Tables et Toques\u201d vous proposent un voyage gastronomique m\u00ealant cuisine d\u2019excellence et tourisme fluvial.\" \/>\n<meta name=\"robots\" content=\"index, follow, max-snippet:-1, max-image-preview:large, max-video-preview:-1\" \/>\n<link rel=\"canonical\" href=\"https:\/\/lille-tables-toques.fr\/index.php\/les-croisieres-lille-tables-toques-bon-cadeau\/\" \/>\n<meta property=\"og:locale\" content=\"fr_FR\" \/>\n<meta property=\"og:type\" content=\"article\" \/>\n<meta property=\"og:title\" content=\"Les Croisi\u00e8res Lille Tables &amp; Toques - Bon cadeau - Lille Tables &amp; Toques\" \/>\n<meta property=\"og:description\" content=\"\u201cLes Croisi\u00e8res Lille Tables et Toques\u201d vous proposent un voyage gastronomique m\u00ealant cuisine d\u2019excellence et tourisme fluvial.\" \/>\n<meta property=\"og:url\" content=\"https:\/\/lille-tables-toques.fr\/index.php\/les-croisieres-lille-tables-toques-bon-cadeau\/\" \/>\n<meta property=\"og:site_name\" content=\"Lille Tables &amp; Toques\" \/>\n<meta property=\"article:publisher\" content=\"https:\/\/www.facebook.com\/tablesettoques\/?locale=fr_FR\" \/>\n<meta property=\"article:modified_time\" content=\"2026-02-17T14:10:06+00:00\" \/>\n<meta property=\"og:image\" content=\"https:\/\/lille-tables-toques.fr\/wp-content\/uploads\/2025\/12\/Lille-Tables-toques-croisiere-journee-abnnieere-site-scaled.jpg\" \/>\n\t<meta property=\"og:image:width\" content=\"2560\" \/>\n\t<meta property=\"og:image:height\" content=\"1105\" \/>\n\t<meta property=\"og:image:type\" content=\"image\/jpeg\" \/>\n<meta name=\"twitter:card\" content=\"summary_large_image\" \/>\n<meta name=\"twitter:label1\" content=\"Dur\u00e9e de lecture estim\u00e9e\" \/>\n\t<meta name=\"twitter:data1\" content=\"2 minutes\" \/>\n<script type=\"application\/ld+json\" class=\"yoast-schema-graph\">{\"@context\":\"https:\/\/schema.org\",\"@graph\":[{\"@type\":\"WebPage\",\"@id\":\"https:\/\/lille-tables-toques.fr\/index.php\/les-croisieres-lille-tables-toques-bon-cadeau\/\",\"url\":\"https:\/\/lille-tables-toques.fr\/index.php\/les-croisieres-lille-tables-toques-bon-cadeau\/\",\"name\":\"Les Croisi\u00e8res Lille Tables &amp; Toques - Bon cadeau - Lille Tables &amp; Toques\",\"isPartOf\":{\"@id\":\"https:\/\/lille-tables-toques.fr\/#website\"},\"primaryImageOfPage\":{\"@id\":\"https:\/\/lille-tables-toques.fr\/index.php\/les-croisieres-lille-tables-toques-bon-cadeau\/#primaryimage\"},\"image\":{\"@id\":\"https:\/\/lille-tables-toques.fr\/index.php\/les-croisieres-lille-tables-toques-bon-cadeau\/#primaryimage\"},\"thumbnailUrl\":\"https:\/\/lille-tables-toques.fr\/wp-content\/uploads\/2025\/12\/Lille-Tables-toques-croisiere-journee-abnnieere-site-scaled.jpg\",\"datePublished\":\"2025-12-12T14:45:07+00:00\",\"dateModified\":\"2026-02-17T14:10:06+00:00\",\"description\":\"\u201cLes Croisi\u00e8res Lille Tables et Toques\u201d vous proposent un voyage gastronomique m\u00ealant cuisine d\u2019excellence et tourisme fluvial.\",\"inLanguage\":\"fr-FR\",\"potentialAction\":[{\"@type\":\"ReadAction\",\"target\":[\"https:\/\/lille-tables-toques.fr\/index.php\/les-croisieres-lille-tables-toques-bon-cadeau\/\"]}]},{\"@type\":\"ImageObject\",\"inLanguage\":\"fr-FR\",\"@id\":\"https:\/\/lille-tables-toques.fr\/index.php\/les-croisieres-lille-tables-toques-bon-cadeau\/#primaryimage\",\"url\":\"https:\/\/lille-tables-toques.fr\/wp-content\/uploads\/2025\/12\/Lille-Tables-toques-croisiere-journee-abnnieere-site-scaled.jpg\",\"contentUrl\":\"https:\/\/lille-tables-toques.fr\/wp-content\/uploads\/2025\/12\/Lille-Tables-toques-croisiere-journee-abnnieere-site-scaled.jpg\",\"width\":2560,\"height\":1105},{\"@type\":\"WebSite\",\"@id\":\"https:\/\/lille-tables-toques.fr\/#website\",\"url\":\"https:\/\/lille-tables-toques.fr\/\",\"name\":\"Lille Tables & Toques\",\"description\":\"Le club des professionnels de la gastronomie des Hauts-de-France\",\"publisher\":{\"@id\":\"https:\/\/lille-tables-toques.fr\/#organization\"},\"potentialAction\":[{\"@type\":\"SearchAction\",\"target\":{\"@type\":\"EntryPoint\",\"urlTemplate\":\"https:\/\/lille-tables-toques.fr\/?s={search_term_string}\"},\"query-input\":{\"@type\":\"PropertyValueSpecification\",\"valueRequired\":true,\"valueName\":\"search_term_string\"}}],\"inLanguage\":\"fr-FR\"},{\"@type\":\"Organization\",\"@id\":\"https:\/\/lille-tables-toques.fr\/#organization\",\"name\":\"Lille Tables & Toques\",\"url\":\"https:\/\/lille-tables-toques.fr\/\",\"logo\":{\"@type\":\"ImageObject\",\"inLanguage\":\"fr-FR\",\"@id\":\"https:\/\/lille-tables-toques.fr\/#\/schema\/logo\/image\/\",\"url\":\"https:\/\/lille-tables-toques.fr\/wp-content\/uploads\/2023\/06\/Copie-de-unnamed-2.jpg\",\"contentUrl\":\"https:\/\/lille-tables-toques.fr\/wp-content\/uploads\/2023\/06\/Copie-de-unnamed-2.jpg\",\"width\":512,\"height\":512,\"caption\":\"Lille Tables & Toques\"},\"image\":{\"@id\":\"https:\/\/lille-tables-toques.fr\/#\/schema\/logo\/image\/\"},\"sameAs\":[\"https:\/\/www.facebook.com\/tablesettoques\/?locale=fr_FR\",\"https:\/\/www.linkedin.com\/company\/lille-tables-toques\/\",\"https:\/\/www.instagram.com\/tables_et_toques\/\"]}]}<\/script>\n<!-- \/ Yoast SEO plugin. -->","yoast_head_json":{"title":"Les Croisi\u00e8res Lille Tables &amp; Toques - Bon cadeau - Lille Tables &amp; Toques","description":"\u201cLes Croisi\u00e8res Lille Tables et Toques\u201d vous proposent un voyage gastronomique m\u00ealant cuisine d\u2019excellence et tourisme fluvial.","robots":{"index":"index","follow":"follow","max-snippet":"max-snippet:-1","max-image-preview":"max-image-preview:large","max-video-preview":"max-video-preview:-1"},"canonical":"https:\/\/lille-tables-toques.fr\/index.php\/les-croisieres-lille-tables-toques-bon-cadeau\/","og_locale":"fr_FR","og_type":"article","og_title":"Les Croisi\u00e8res Lille Tables &amp; Toques - Bon cadeau - Lille Tables &amp; Toques","og_description":"\u201cLes Croisi\u00e8res Lille Tables et Toques\u201d vous proposent un voyage gastronomique m\u00ealant cuisine d\u2019excellence et tourisme fluvial.","og_url":"https:\/\/lille-tables-toques.fr\/index.php\/les-croisieres-lille-tables-toques-bon-cadeau\/","og_site_name":"Lille Tables &amp; Toques","article_publisher":"https:\/\/www.facebook.com\/tablesettoques\/?locale=fr_FR","article_modified_time":"2026-02-17T14:10:06+00:00","og_image":[{"width":2560,"height":1105,"url":"https:\/\/lille-tables-toques.fr\/wp-content\/uploads\/2025\/12\/Lille-Tables-toques-croisiere-journee-abnnieere-site-scaled.jpg","type":"image\/jpeg"}],"twitter_card":"summary_large_image","twitter_misc":{"Dur\u00e9e de lecture estim\u00e9e":"2 minutes"},"schema":{"@context":"https:\/\/schema.org","@graph":[{"@type":"WebPage","@id":"https:\/\/lille-tables-toques.fr\/index.php\/les-croisieres-lille-tables-toques-bon-cadeau\/","url":"https:\/\/lille-tables-toques.fr\/index.php\/les-croisieres-lille-tables-toques-bon-cadeau\/","name":"Les Croisi\u00e8res Lille Tables &amp; Toques - Bon cadeau - Lille Tables &amp; Toques","isPartOf":{"@id":"https:\/\/lille-tables-toques.fr\/#website"},"primaryImageOfPage":{"@id":"https:\/\/lille-tables-toques.fr\/index.php\/les-croisieres-lille-tables-toques-bon-cadeau\/#primaryimage"},"image":{"@id":"https:\/\/lille-tables-toques.fr\/index.php\/les-croisieres-lille-tables-toques-bon-cadeau\/#primaryimage"},"thumbnailUrl":"https:\/\/lille-tables-toques.fr\/wp-content\/uploads\/2025\/12\/Lille-Tables-toques-croisiere-journee-abnnieere-site-scaled.jpg","datePublished":"2025-12-12T14:45:07+00:00","dateModified":"2026-02-17T14:10:06+00:00","description":"\u201cLes Croisi\u00e8res Lille Tables et Toques\u201d vous proposent un voyage gastronomique m\u00ealant cuisine d\u2019excellence et tourisme fluvial.","inLanguage":"fr-FR","potentialAction":[{"@type":"ReadAction","target":["https:\/\/lille-tables-toques.fr\/index.php\/les-croisieres-lille-tables-toques-bon-cadeau\/"]}]},{"@type":"ImageObject","inLanguage":"fr-FR","@id":"https:\/\/lille-tables-toques.fr\/index.php\/les-croisieres-lille-tables-toques-bon-cadeau\/#primaryimage","url":"https:\/\/lille-tables-toques.fr\/wp-content\/uploads\/2025\/12\/Lille-Tables-toques-croisiere-journee-abnnieere-site-scaled.jpg","contentUrl":"https:\/\/lille-tables-toques.fr\/wp-content\/uploads\/2025\/12\/Lille-Tables-toques-croisiere-journee-abnnieere-site-scaled.jpg","width":2560,"height":1105},{"@type":"WebSite","@id":"https:\/\/lille-tables-toques.fr\/#website","url":"https:\/\/lille-tables-toques.fr\/","name":"Lille Tables & Toques","description":"Le club des professionnels de la gastronomie des Hauts-de-France","publisher":{"@id":"https:\/\/lille-tables-toques.fr\/#organization"},"potentialAction":[{"@type":"SearchAction","target":{"@type":"EntryPoint","urlTemplate":"https:\/\/lille-tables-toques.fr\/?s={search_term_string}"},"query-input":{"@type":"PropertyValueSpecification","valueRequired":true,"valueName":"search_term_string"}}],"inLanguage":"fr-FR"},{"@type":"Organization","@id":"https:\/\/lille-tables-toques.fr\/#organization","name":"Lille Tables & Toques","url":"https:\/\/lille-tables-toques.fr\/","logo":{"@type":"ImageObject","inLanguage":"fr-FR","@id":"https:\/\/lille-tables-toques.fr\/#\/schema\/logo\/image\/","url":"https:\/\/lille-tables-toques.fr\/wp-content\/uploads\/2023\/06\/Copie-de-unnamed-2.jpg","contentUrl":"https:\/\/lille-tables-toques.fr\/wp-content\/uploads\/2023\/06\/Copie-de-unnamed-2.jpg","width":512,"height":512,"caption":"Lille Tables & Toques"},"image":{"@id":"https:\/\/lille-tables-toques.fr\/#\/schema\/logo\/image\/"},"sameAs":["https:\/\/www.facebook.com\/tablesettoques\/?locale=fr_FR","https:\/\/www.linkedin.com\/company\/lille-tables-toques\/","https:\/\/www.instagram.com\/tables_et_toques\/"]}]}},"_links":{"self":[{"href":"https:\/\/lille-tables-toques.fr\/index.php\/wp-json\/wp\/v2\/pages\/5683","targetHints":{"allow":["GET"]}}],"collection":[{"href":"https:\/\/lille-tables-toques.fr\/index.php\/wp-json\/wp\/v2\/pages"}],"about":[{"href":"https:\/\/lille-tables-toques.fr\/index.php\/wp-json\/wp\/v2\/types\/page"}],"author":[{"embeddable":true,"href":"https:\/\/lille-tables-toques.fr\/index.php\/wp-json\/wp\/v2\/users\/1"}],"replies":[{"embeddable":true,"href":"https:\/\/lille-tables-toques.fr\/index.php\/wp-json\/wp\/v2\/comments?post=5683"}],"version-history":[{"count":58,"href":"https:\/\/lille-tables-toques.fr\/index.php\/wp-json\/wp\/v2\/pages\/5683\/revisions"}],"predecessor-version":[{"id":5916,"href":"https:\/\/lille-tables-toques.fr\/index.php\/wp-json\/wp\/v2\/pages\/5683\/revisions\/5916"}],"wp:attachment":[{"href":"https:\/\/lille-tables-toques.fr\/index.php\/wp-json\/wp\/v2\/media?parent=5683"}],"curies":[{"name":"wp","href":"https:\/\/api.w.org\/{rel}","templated":true}]}}