{"id":4343,"date":"2024-12-12T14:15:12","date_gmt":"2024-12-12T13:15:12","guid":{"rendered":"https:\/\/lille-tables-toques.fr\/?page_id=4343"},"modified":"2026-04-10T16:40:12","modified_gmt":"2026-04-10T14:40:12","slug":"la-boutique-de-noel-de-lille-tables-toques","status":"publish","type":"page","link":"https:\/\/lille-tables-toques.fr\/index.php\/la-boutique-de-noel-de-lille-tables-toques\/","title":{"rendered":"La boutique Lille Tables &#038; Toques"},"content":{"rendered":"\t\t<div data-elementor-type=\"wp-page\" data-elementor-id=\"4343\" class=\"elementor elementor-4343\" data-elementor-post-type=\"page\">\n\t\t\t\t\t\t<section class=\"elementor-section elementor-top-section elementor-element elementor-element-a3eba18 elementor-section-boxed elementor-section-height-default elementor-section-height-default\" data-id=\"a3eba18\" data-element_type=\"section\" data-e-type=\"section\">\n\t\t\t\t\t\t<div class=\"elementor-container elementor-column-gap-default\">\n\t\t\t\t\t<div class=\"elementor-column elementor-col-100 elementor-top-column elementor-element elementor-element-aa17fd3\" data-id=\"aa17fd3\" data-element_type=\"column\" data-e-type=\"column\">\n\t\t\t<div class=\"elementor-widget-wrap elementor-element-populated\">\n\t\t\t\t\t\t<div class=\"elementor-element elementor-element-29627fe elementor-widget elementor-widget-image\" data-id=\"29627fe\" data-element_type=\"widget\" data-e-type=\"widget\" data-widget_type=\"image.default\">\n\t\t\t\t<div class=\"elementor-widget-container\">\n\t\t\t\t\t\t\t\t\t\t\t\t\t\t\t<img decoding=\"async\" src=\"https:\/\/lille-tables-toques.fr\/wp-content\/uploads\/2024\/12\/Boutique-Noel@3x-1.png\" title=\"Boutique No\u00ebl@3x\" alt=\"Boutique No\u00ebl@3x\" loading=\"lazy\" \/>\t\t\t\t\t\t\t\t\t\t\t\t\t\t\t<\/div>\n\t\t\t\t<\/div>\n\t\t\t\t\t<\/div>\n\t\t<\/div>\n\t\t\t\t\t<\/div>\n\t\t<\/section>\n\t\t\t\t<section class=\"elementor-section elementor-top-section elementor-element elementor-element-e03d276 elementor-section-content-middle elementor-section-boxed elementor-section-height-default elementor-section-height-default\" data-id=\"e03d276\" data-element_type=\"section\" data-e-type=\"section\">\n\t\t\t\t\t\t<div class=\"elementor-container elementor-column-gap-default\">\n\t\t\t\t\t<div class=\"elementor-column elementor-col-100 elementor-top-column elementor-element elementor-element-91ff9a0\" data-id=\"91ff9a0\" data-element_type=\"column\" data-e-type=\"column\">\n\t\t\t<div class=\"elementor-widget-wrap elementor-element-populated\">\n\t\t\t\t\t\t<div class=\"elementor-element elementor-element-49a26ea9 elementor-widget elementor-widget-text-editor\" data-id=\"49a26ea9\" data-element_type=\"widget\" data-e-type=\"widget\" data-widget_type=\"text-editor.default\">\n\t\t\t\t<div class=\"elementor-widget-container\">\n\t\t\t\t\t\t\t\t\t<p>D\u00e9couvrez la boutique de cadeaux de <em>Lille Tables et Toques<\/em>, qui propose des cadeaux raffin\u00e9s et originaux pour tous les amateurs de gastronomie. Si vous \u00eates \u00e0 la recherche d&rsquo;un cadeau \u00a0pour vos proches \u00e0 la fois original et exp\u00e9rientiel, cette s\u00e9lection est faite pour vous !<\/p>\t\t\t\t\t\t\t\t<\/div>\n\t\t\t\t<\/div>\n\t\t\t\t\t<\/div>\n\t\t<\/div>\n\t\t\t\t\t<\/div>\n\t\t<\/section>\n\t\t\t\t<section class=\"elementor-section elementor-top-section elementor-element elementor-element-0eeaceb elementor-section-boxed elementor-section-height-default elementor-section-height-default\" data-id=\"0eeaceb\" data-element_type=\"section\" data-e-type=\"section\">\n\t\t\t\t\t\t<div class=\"elementor-container elementor-column-gap-default\">\n\t\t\t\t\t<div class=\"elementor-column elementor-col-100 elementor-top-column elementor-element elementor-element-b6abc2e\" data-id=\"b6abc2e\" data-element_type=\"column\" data-e-type=\"column\">\n\t\t\t<div class=\"elementor-widget-wrap elementor-element-populated\">\n\t\t\t\t\t\t<section class=\"elementor-section elementor-inner-section elementor-element elementor-element-6b275bf elementor-section-boxed elementor-section-height-default elementor-section-height-default\" data-id=\"6b275bf\" data-element_type=\"section\" data-e-type=\"section\">\n\t\t\t\t\t\t<div class=\"elementor-container elementor-column-gap-no\">\n\t\t\t\t\t<div class=\"elementor-column elementor-col-50 elementor-inner-column elementor-element elementor-element-af25920\" data-id=\"af25920\" data-element_type=\"column\" data-e-type=\"column\">\n\t\t\t<div class=\"elementor-widget-wrap elementor-element-populated\">\n\t\t\t\t\t\t<div class=\"elementor-element elementor-element-dc70ed8 elementor-widget elementor-widget-image\" data-id=\"dc70ed8\" data-element_type=\"widget\" data-e-type=\"widget\" data-widget_type=\"image.default\">\n\t\t\t\t<div class=\"elementor-widget-container\">\n\t\t\t\t\t\t\t\t\t\t\t\t\t\t\t<img fetchpriority=\"high\" decoding=\"async\" width=\"1024\" height=\"574\" src=\"https:\/\/lille-tables-toques.fr\/wp-content\/uploads\/2025\/12\/Visuel-Taproom-Toques-Juliette-09-1-1024x574.jpg\" class=\"attachment-large size-large wp-image-5667\" alt=\"\" srcset=\"https:\/\/lille-tables-toques.fr\/wp-content\/uploads\/2025\/12\/Visuel-Taproom-Toques-Juliette-09-1-1024x574.jpg 1024w, https:\/\/lille-tables-toques.fr\/wp-content\/uploads\/2025\/12\/Visuel-Taproom-Toques-Juliette-09-1-300x168.jpg 300w, https:\/\/lille-tables-toques.fr\/wp-content\/uploads\/2025\/12\/Visuel-Taproom-Toques-Juliette-09-1-768x431.jpg 768w, https:\/\/lille-tables-toques.fr\/wp-content\/uploads\/2025\/12\/Visuel-Taproom-Toques-Juliette-09-1-1536x861.jpg 1536w, https:\/\/lille-tables-toques.fr\/wp-content\/uploads\/2025\/12\/Visuel-Taproom-Toques-Juliette-09-1-2048x1148.jpg 2048w\" sizes=\"(max-width: 1024px) 100vw, 1024px\" \/>\t\t\t\t\t\t\t\t\t\t\t\t\t\t\t<\/div>\n\t\t\t\t<\/div>\n\t\t\t\t\t<\/div>\n\t\t<\/div>\n\t\t\t\t<div class=\"elementor-column elementor-col-50 elementor-inner-column elementor-element elementor-element-91d18bb\" data-id=\"91d18bb\" data-element_type=\"column\" data-e-type=\"column\">\n\t\t\t<div class=\"elementor-widget-wrap elementor-element-populated\">\n\t\t\t\t\t\t<div class=\"elementor-element elementor-element-af086cc elementor-widget elementor-widget-heading\" data-id=\"af086cc\" data-element_type=\"widget\" data-e-type=\"widget\" data-widget_type=\"heading.default\">\n\t\t\t\t<div class=\"elementor-widget-container\">\n\t\t\t\t\t<h2 class=\"elementor-heading-title elementor-size-default\">Taproom de Toqu\u00e9s<\/h2>\t\t\t\t<\/div>\n\t\t\t\t<\/div>\n\t\t\t\t<div class=\"elementor-element elementor-element-570fcf2 elementor-widget elementor-widget-text-editor\" data-id=\"570fcf2\" data-element_type=\"widget\" data-e-type=\"widget\" data-widget_type=\"text-editor.default\">\n\t\t\t\t<div class=\"elementor-widget-container\">\n\t\t\t\t\t\t\t\t\t<p><strong>Du 11 f\u00e9vrier au 30 novembre 2026<\/strong><\/p>\t\t\t\t\t\t\t\t<\/div>\n\t\t\t\t<\/div>\n\t\t\t\t<div class=\"elementor-element elementor-element-83a8dd2 elementor-widget elementor-widget-text-editor\" data-id=\"83a8dd2\" data-element_type=\"widget\" data-e-type=\"widget\" data-widget_type=\"text-editor.default\">\n\t\t\t\t<div class=\"elementor-widget-container\">\n\t\t\t\t\t\t\t\t\t<p>\u00c0 chaque \u00e9dition, vous (re)d\u00e9couvrirez un brasseur local \u00e0 travers une visite de son site de production et pourrez d\u00e9guster son \u00e9ventail de propositions artisanales. Pour sublimer l\u2019exp\u00e9rience gustative, deux chefs membres du club de la gastronomie vous concoctent un menu dont les mets sont \u00e9labor\u00e9s en accord avec les bi\u00e8res de la brasserie<em>.<\/em><\/p><p><em><strong>\u2014&gt; \u00c0 partir de 59 \u20ac<\/strong><\/em><\/p>\t\t\t\t\t\t\t\t<\/div>\n\t\t\t\t<\/div>\n\t\t\t\t<div class=\"elementor-element elementor-element-3e95a65 elementor-align-right elementor-widget elementor-widget-button\" data-id=\"3e95a65\" data-element_type=\"widget\" data-e-type=\"widget\" data-widget_type=\"button.default\">\n\t\t\t\t<div class=\"elementor-widget-container\">\n\t\t\t\t\t\t\t\t\t<div class=\"elementor-button-wrapper\">\n\t\t\t\t\t<a class=\"elementor-button elementor-button-link elementor-size-sm\" href=\"https:\/\/lille-tables-toques.fr\/index.php\/les-taproom-de-toques-2025\/\" target=\"_blank\">\n\t\t\t\t\t\t<span class=\"elementor-button-content-wrapper\">\n\t\t\t\t\t\t\t\t\t<span class=\"elementor-button-text\">Informations &amp; r\u00e9servations <\/span>\n\t\t\t\t\t<\/span>\n\t\t\t\t\t<\/a>\n\t\t\t\t<\/div>\n\t\t\t\t\t\t\t\t<\/div>\n\t\t\t\t<\/div>\n\t\t\t\t<div class=\"elementor-element elementor-element-2f9ee80 elementor-widget elementor-widget-spacer\" data-id=\"2f9ee80\" data-element_type=\"widget\" data-e-type=\"widget\" data-widget_type=\"spacer.default\">\n\t\t\t\t<div class=\"elementor-widget-container\">\n\t\t\t\t\t\t\t<div class=\"elementor-spacer\">\n\t\t\t<div class=\"elementor-spacer-inner\"><\/div>\n\t\t<\/div>\n\t\t\t\t\t\t<\/div>\n\t\t\t\t<\/div>\n\t\t\t\t\t<\/div>\n\t\t<\/div>\n\t\t\t\t\t<\/div>\n\t\t<\/section>\n\t\t\t\t<section class=\"elementor-section elementor-inner-section elementor-element elementor-element-091ad25 elementor-section-boxed elementor-section-height-default elementor-section-height-default\" data-id=\"091ad25\" data-element_type=\"section\" data-e-type=\"section\">\n\t\t\t\t\t\t<div class=\"elementor-container elementor-column-gap-no\">\n\t\t\t\t\t<div class=\"elementor-column elementor-col-50 elementor-inner-column elementor-element elementor-element-9885e82\" data-id=\"9885e82\" data-element_type=\"column\" data-e-type=\"column\">\n\t\t\t<div class=\"elementor-widget-wrap elementor-element-populated\">\n\t\t\t\t\t\t<div class=\"elementor-element elementor-element-a07a7c2 elementor-widget elementor-widget-image\" data-id=\"a07a7c2\" data-element_type=\"widget\" data-e-type=\"widget\" data-widget_type=\"image.default\">\n\t\t\t\t<div class=\"elementor-widget-container\">\n\t\t\t\t\t\t\t\t\t\t\t\t\t\t\t<img decoding=\"async\" width=\"1024\" height=\"574\" src=\"https:\/\/lille-tables-toques.fr\/wp-content\/uploads\/2024\/12\/Croisiere@3x-1-1024x574.png\" class=\"attachment-large size-large wp-image-4369\" alt=\"\" srcset=\"https:\/\/lille-tables-toques.fr\/wp-content\/uploads\/2024\/12\/Croisiere@3x-1-1024x574.png 1024w, https:\/\/lille-tables-toques.fr\/wp-content\/uploads\/2024\/12\/Croisiere@3x-1-300x168.png 300w, https:\/\/lille-tables-toques.fr\/wp-content\/uploads\/2024\/12\/Croisiere@3x-1-768x431.png 768w, https:\/\/lille-tables-toques.fr\/wp-content\/uploads\/2024\/12\/Croisiere@3x-1-1536x861.png 1536w, https:\/\/lille-tables-toques.fr\/wp-content\/uploads\/2024\/12\/Croisiere@3x-1-2048x1148.png 2048w\" sizes=\"(max-width: 1024px) 100vw, 1024px\" \/>\t\t\t\t\t\t\t\t\t\t\t\t\t\t\t<\/div>\n\t\t\t\t<\/div>\n\t\t\t\t\t<\/div>\n\t\t<\/div>\n\t\t\t\t<div class=\"elementor-column elementor-col-50 elementor-inner-column elementor-element elementor-element-2f75ee1\" data-id=\"2f75ee1\" data-element_type=\"column\" data-e-type=\"column\">\n\t\t\t<div class=\"elementor-widget-wrap elementor-element-populated\">\n\t\t\t\t\t\t<div class=\"elementor-element elementor-element-d252df0 elementor-widget elementor-widget-heading\" data-id=\"d252df0\" data-element_type=\"widget\" data-e-type=\"widget\" data-widget_type=\"heading.default\">\n\t\t\t\t<div class=\"elementor-widget-container\">\n\t\t\t\t\t<h2 class=\"elementor-heading-title elementor-size-default\">Les Croisi\u00e8res Lille Tables &amp; Toques<\/h2>\t\t\t\t<\/div>\n\t\t\t\t<\/div>\n\t\t\t\t<div class=\"elementor-element elementor-element-90320ea elementor-widget elementor-widget-text-editor\" data-id=\"90320ea\" data-element_type=\"widget\" data-e-type=\"widget\" data-widget_type=\"text-editor.default\">\n\t\t\t\t<div class=\"elementor-widget-container\">\n\t\t\t\t\t\t\t\t\t<p><strong>Du 15 f\u00e9vrier au 15 novembre 2026 &#8211; L&rsquo;Eldorado P\u00e9niche\u00a0<\/strong><\/p>\t\t\t\t\t\t\t\t<\/div>\n\t\t\t\t<\/div>\n\t\t\t\t<div class=\"elementor-element elementor-element-b9ee81b elementor-widget elementor-widget-text-editor\" data-id=\"b9ee81b\" data-element_type=\"widget\" data-e-type=\"widget\" data-widget_type=\"text-editor.default\">\n\t\t\t\t<div class=\"elementor-widget-container\">\n\t\t\t\t\t\t\t\t\t<p>\u201cLes Croisi\u00e8res Lille Tables et Toques\u201d vous proposent un voyage gastronomique m\u00ealant cuisine d\u2019excellence et tourisme fluvial.<\/p><p>\u00c0 chaque \u00e9dition, un chef de la r\u00e9gion vous propose un menu de prestige avec accords mets et vins, explorant le patrimoine culinaire du territoire, avec des produits locaux issus du circuit court, pour sublimer le terroir des Hauts-de-France.<\/p><p><em><strong>\u2014&gt; \u00c0 partir de 130 \u20ac<\/strong><\/em><\/p>\t\t\t\t\t\t\t\t<\/div>\n\t\t\t\t<\/div>\n\t\t\t\t<div class=\"elementor-element elementor-element-6c99bb1 elementor-align-right elementor-widget elementor-widget-button\" data-id=\"6c99bb1\" data-element_type=\"widget\" data-e-type=\"widget\" data-widget_type=\"button.default\">\n\t\t\t\t<div class=\"elementor-widget-container\">\n\t\t\t\t\t\t\t\t\t<div class=\"elementor-button-wrapper\">\n\t\t\t\t\t<a class=\"elementor-button elementor-button-link elementor-size-sm\" href=\"https:\/\/lille-tables-toques.fr\/index.php\/les-croisieres-lille-tables-toques-bon-cadeau\/\" target=\"_blank\">\n\t\t\t\t\t\t<span class=\"elementor-button-content-wrapper\">\n\t\t\t\t\t\t\t\t\t<span class=\"elementor-button-text\">Informations &amp; r\u00e9servations <\/span>\n\t\t\t\t\t<\/span>\n\t\t\t\t\t<\/a>\n\t\t\t\t<\/div>\n\t\t\t\t\t\t\t\t<\/div>\n\t\t\t\t<\/div>\n\t\t\t\t<div class=\"elementor-element elementor-element-9ab7984 elementor-widget elementor-widget-spacer\" data-id=\"9ab7984\" data-element_type=\"widget\" data-e-type=\"widget\" data-widget_type=\"spacer.default\">\n\t\t\t\t<div class=\"elementor-widget-container\">\n\t\t\t\t\t\t\t<div class=\"elementor-spacer\">\n\t\t\t<div class=\"elementor-spacer-inner\"><\/div>\n\t\t<\/div>\n\t\t\t\t\t\t<\/div>\n\t\t\t\t<\/div>\n\t\t\t\t\t<\/div>\n\t\t<\/div>\n\t\t\t\t\t<\/div>\n\t\t<\/section>\n\t\t\t\t<div class=\"elementor-element elementor-element-a04cfe5 elementor-widget elementor-widget-spacer\" data-id=\"a04cfe5\" data-element_type=\"widget\" data-e-type=\"widget\" data-widget_type=\"spacer.default\">\n\t\t\t\t<div class=\"elementor-widget-container\">\n\t\t\t\t\t\t\t<div class=\"elementor-spacer\">\n\t\t\t<div class=\"elementor-spacer-inner\"><\/div>\n\t\t<\/div>\n\t\t\t\t\t\t<\/div>\n\t\t\t\t<\/div>\n\t\t\t\t\t<\/div>\n\t\t<\/div>\n\t\t\t\t\t<\/div>\n\t\t<\/section>\n\t\t\t\t<\/div>\n\t\t","protected":false},"excerpt":{"rendered":"<p>D\u00e9couvrez la boutique de cadeaux de Lille Tables et Toques, qui propose des cadeaux raffin\u00e9s et originaux pour tous les amateurs de gastronomie. Si vous \u00eates \u00e0 la recherche d&rsquo;un &hellip; <\/p>\n<p class=\"link-more\"><a href=\"https:\/\/lille-tables-toques.fr\/index.php\/la-boutique-de-noel-de-lille-tables-toques\/\" class=\"more-link\">Continue reading<span class=\"screen-reader-text\"> \u00ab\u00a0La boutique Lille Tables &#038; Toques\u00a0\u00bb<\/span><\/a><\/p>\n","protected":false},"author":1,"featured_media":0,"parent":0,"menu_order":0,"comment_status":"closed","ping_status":"closed","template":"","meta":{"footnotes":""},"class_list":["post-4343","page","type-page","status-publish","hentry"],"yoast_head":"<!-- This site is optimized with the Yoast SEO plugin v24.7 - https:\/\/yoast.com\/wordpress\/plugins\/seo\/ -->\n<title>La boutique Lille Tables &amp; Toques - Lille Tables &amp; Toques<\/title>\n<meta name=\"robots\" content=\"index, follow, max-snippet:-1, max-image-preview:large, max-video-preview:-1\" \/>\n<link rel=\"canonical\" href=\"https:\/\/lille-tables-toques.fr\/index.php\/la-boutique-de-noel-de-lille-tables-toques\/\" \/>\n<meta property=\"og:locale\" content=\"fr_FR\" \/>\n<meta property=\"og:type\" content=\"article\" \/>\n<meta property=\"og:title\" content=\"La boutique Lille Tables &amp; Toques - Lille Tables &amp; Toques\" \/>\n<meta property=\"og:description\" content=\"D\u00e9couvrez la boutique de cadeaux de Lille Tables et Toques, qui propose des cadeaux raffin\u00e9s et originaux pour tous les amateurs de gastronomie. Si vous \u00eates \u00e0 la recherche d&rsquo;un &hellip; Continue reading &quot;La boutique Lille Tables &#038; Toques&quot;\" \/>\n<meta property=\"og:url\" content=\"https:\/\/lille-tables-toques.fr\/index.php\/la-boutique-de-noel-de-lille-tables-toques\/\" \/>\n<meta property=\"og:site_name\" content=\"Lille Tables &amp; Toques\" \/>\n<meta property=\"article:publisher\" content=\"https:\/\/www.facebook.com\/tablesettoques\/?locale=fr_FR\" \/>\n<meta property=\"article:modified_time\" content=\"2026-04-10T14:40:12+00:00\" \/>\n<meta property=\"og:image\" content=\"https:\/\/lille-tables-toques.fr\/wp-content\/uploads\/2024\/12\/Boutique-Noel@3x-1.png\" \/>\n<meta name=\"twitter:card\" content=\"summary_large_image\" \/>\n<meta name=\"twitter:label1\" content=\"Dur\u00e9e de lecture estim\u00e9e\" \/>\n\t<meta name=\"twitter:data1\" content=\"2 minutes\" \/>\n<script type=\"application\/ld+json\" class=\"yoast-schema-graph\">{\"@context\":\"https:\/\/schema.org\",\"@graph\":[{\"@type\":\"WebPage\",\"@id\":\"https:\/\/lille-tables-toques.fr\/index.php\/la-boutique-de-noel-de-lille-tables-toques\/\",\"url\":\"https:\/\/lille-tables-toques.fr\/index.php\/la-boutique-de-noel-de-lille-tables-toques\/\",\"name\":\"La boutique Lille Tables & Toques - Lille Tables &amp; Toques\",\"isPartOf\":{\"@id\":\"https:\/\/lille-tables-toques.fr\/#website\"},\"primaryImageOfPage\":{\"@id\":\"https:\/\/lille-tables-toques.fr\/index.php\/la-boutique-de-noel-de-lille-tables-toques\/#primaryimage\"},\"image\":{\"@id\":\"https:\/\/lille-tables-toques.fr\/index.php\/la-boutique-de-noel-de-lille-tables-toques\/#primaryimage\"},\"thumbnailUrl\":\"https:\/\/lille-tables-toques.fr\/wp-content\/uploads\/2024\/12\/Boutique-Noel@3x-1.png\",\"datePublished\":\"2024-12-12T13:15:12+00:00\",\"dateModified\":\"2026-04-10T14:40:12+00:00\",\"inLanguage\":\"fr-FR\",\"potentialAction\":[{\"@type\":\"ReadAction\",\"target\":[\"https:\/\/lille-tables-toques.fr\/index.php\/la-boutique-de-noel-de-lille-tables-toques\/\"]}]},{\"@type\":\"ImageObject\",\"inLanguage\":\"fr-FR\",\"@id\":\"https:\/\/lille-tables-toques.fr\/index.php\/la-boutique-de-noel-de-lille-tables-toques\/#primaryimage\",\"url\":\"https:\/\/lille-tables-toques.fr\/wp-content\/uploads\/2024\/12\/Boutique-Noel@3x-1.png\",\"contentUrl\":\"https:\/\/lille-tables-toques.fr\/wp-content\/uploads\/2024\/12\/Boutique-Noel@3x-1.png\",\"width\":4608,\"height\":1590},{\"@type\":\"WebSite\",\"@id\":\"https:\/\/lille-tables-toques.fr\/#website\",\"url\":\"https:\/\/lille-tables-toques.fr\/\",\"name\":\"Lille Tables & Toques\",\"description\":\"Le club des professionnels de la gastronomie des Hauts-de-France\",\"publisher\":{\"@id\":\"https:\/\/lille-tables-toques.fr\/#organization\"},\"potentialAction\":[{\"@type\":\"SearchAction\",\"target\":{\"@type\":\"EntryPoint\",\"urlTemplate\":\"https:\/\/lille-tables-toques.fr\/?s={search_term_string}\"},\"query-input\":{\"@type\":\"PropertyValueSpecification\",\"valueRequired\":true,\"valueName\":\"search_term_string\"}}],\"inLanguage\":\"fr-FR\"},{\"@type\":\"Organization\",\"@id\":\"https:\/\/lille-tables-toques.fr\/#organization\",\"name\":\"Lille Tables & Toques\",\"url\":\"https:\/\/lille-tables-toques.fr\/\",\"logo\":{\"@type\":\"ImageObject\",\"inLanguage\":\"fr-FR\",\"@id\":\"https:\/\/lille-tables-toques.fr\/#\/schema\/logo\/image\/\",\"url\":\"https:\/\/lille-tables-toques.fr\/wp-content\/uploads\/2023\/06\/Copie-de-unnamed-2.jpg\",\"contentUrl\":\"https:\/\/lille-tables-toques.fr\/wp-content\/uploads\/2023\/06\/Copie-de-unnamed-2.jpg\",\"width\":512,\"height\":512,\"caption\":\"Lille Tables & Toques\"},\"image\":{\"@id\":\"https:\/\/lille-tables-toques.fr\/#\/schema\/logo\/image\/\"},\"sameAs\":[\"https:\/\/www.facebook.com\/tablesettoques\/?locale=fr_FR\",\"https:\/\/www.linkedin.com\/company\/lille-tables-toques\/\",\"https:\/\/www.instagram.com\/tables_et_toques\/\"]}]}<\/script>\n<!-- \/ Yoast SEO plugin. -->","yoast_head_json":{"title":"La boutique Lille Tables & Toques - Lille Tables &amp; Toques","robots":{"index":"index","follow":"follow","max-snippet":"max-snippet:-1","max-image-preview":"max-image-preview:large","max-video-preview":"max-video-preview:-1"},"canonical":"https:\/\/lille-tables-toques.fr\/index.php\/la-boutique-de-noel-de-lille-tables-toques\/","og_locale":"fr_FR","og_type":"article","og_title":"La boutique Lille Tables & Toques - Lille Tables &amp; Toques","og_description":"D\u00e9couvrez la boutique de cadeaux de Lille Tables et Toques, qui propose des cadeaux raffin\u00e9s et originaux pour tous les amateurs de gastronomie. Si vous \u00eates \u00e0 la recherche d&rsquo;un &hellip; Continue reading \"La boutique Lille Tables &#038; Toques\"","og_url":"https:\/\/lille-tables-toques.fr\/index.php\/la-boutique-de-noel-de-lille-tables-toques\/","og_site_name":"Lille Tables &amp; Toques","article_publisher":"https:\/\/www.facebook.com\/tablesettoques\/?locale=fr_FR","article_modified_time":"2026-04-10T14:40:12+00:00","og_image":[{"url":"https:\/\/lille-tables-toques.fr\/wp-content\/uploads\/2024\/12\/Boutique-Noel@3x-1.png","type":"","width":"","height":""}],"twitter_card":"summary_large_image","twitter_misc":{"Dur\u00e9e de lecture estim\u00e9e":"2 minutes"},"schema":{"@context":"https:\/\/schema.org","@graph":[{"@type":"WebPage","@id":"https:\/\/lille-tables-toques.fr\/index.php\/la-boutique-de-noel-de-lille-tables-toques\/","url":"https:\/\/lille-tables-toques.fr\/index.php\/la-boutique-de-noel-de-lille-tables-toques\/","name":"La boutique Lille Tables & Toques - Lille Tables &amp; Toques","isPartOf":{"@id":"https:\/\/lille-tables-toques.fr\/#website"},"primaryImageOfPage":{"@id":"https:\/\/lille-tables-toques.fr\/index.php\/la-boutique-de-noel-de-lille-tables-toques\/#primaryimage"},"image":{"@id":"https:\/\/lille-tables-toques.fr\/index.php\/la-boutique-de-noel-de-lille-tables-toques\/#primaryimage"},"thumbnailUrl":"https:\/\/lille-tables-toques.fr\/wp-content\/uploads\/2024\/12\/Boutique-Noel@3x-1.png","datePublished":"2024-12-12T13:15:12+00:00","dateModified":"2026-04-10T14:40:12+00:00","inLanguage":"fr-FR","potentialAction":[{"@type":"ReadAction","target":["https:\/\/lille-tables-toques.fr\/index.php\/la-boutique-de-noel-de-lille-tables-toques\/"]}]},{"@type":"ImageObject","inLanguage":"fr-FR","@id":"https:\/\/lille-tables-toques.fr\/index.php\/la-boutique-de-noel-de-lille-tables-toques\/#primaryimage","url":"https:\/\/lille-tables-toques.fr\/wp-content\/uploads\/2024\/12\/Boutique-Noel@3x-1.png","contentUrl":"https:\/\/lille-tables-toques.fr\/wp-content\/uploads\/2024\/12\/Boutique-Noel@3x-1.png","width":4608,"height":1590},{"@type":"WebSite","@id":"https:\/\/lille-tables-toques.fr\/#website","url":"https:\/\/lille-tables-toques.fr\/","name":"Lille Tables & Toques","description":"Le club des professionnels de la gastronomie des Hauts-de-France","publisher":{"@id":"https:\/\/lille-tables-toques.fr\/#organization"},"potentialAction":[{"@type":"SearchAction","target":{"@type":"EntryPoint","urlTemplate":"https:\/\/lille-tables-toques.fr\/?s={search_term_string}"},"query-input":{"@type":"PropertyValueSpecification","valueRequired":true,"valueName":"search_term_string"}}],"inLanguage":"fr-FR"},{"@type":"Organization","@id":"https:\/\/lille-tables-toques.fr\/#organization","name":"Lille Tables & Toques","url":"https:\/\/lille-tables-toques.fr\/","logo":{"@type":"ImageObject","inLanguage":"fr-FR","@id":"https:\/\/lille-tables-toques.fr\/#\/schema\/logo\/image\/","url":"https:\/\/lille-tables-toques.fr\/wp-content\/uploads\/2023\/06\/Copie-de-unnamed-2.jpg","contentUrl":"https:\/\/lille-tables-toques.fr\/wp-content\/uploads\/2023\/06\/Copie-de-unnamed-2.jpg","width":512,"height":512,"caption":"Lille Tables & Toques"},"image":{"@id":"https:\/\/lille-tables-toques.fr\/#\/schema\/logo\/image\/"},"sameAs":["https:\/\/www.facebook.com\/tablesettoques\/?locale=fr_FR","https:\/\/www.linkedin.com\/company\/lille-tables-toques\/","https:\/\/www.instagram.com\/tables_et_toques\/"]}]}},"_links":{"self":[{"href":"https:\/\/lille-tables-toques.fr\/index.php\/wp-json\/wp\/v2\/pages\/4343","targetHints":{"allow":["GET"]}}],"collection":[{"href":"https:\/\/lille-tables-toques.fr\/index.php\/wp-json\/wp\/v2\/pages"}],"about":[{"href":"https:\/\/lille-tables-toques.fr\/index.php\/wp-json\/wp\/v2\/types\/page"}],"author":[{"embeddable":true,"href":"https:\/\/lille-tables-toques.fr\/index.php\/wp-json\/wp\/v2\/users\/1"}],"replies":[{"embeddable":true,"href":"https:\/\/lille-tables-toques.fr\/index.php\/wp-json\/wp\/v2\/comments?post=4343"}],"version-history":[{"count":187,"href":"https:\/\/lille-tables-toques.fr\/index.php\/wp-json\/wp\/v2\/pages\/4343\/revisions"}],"predecessor-version":[{"id":6168,"href":"https:\/\/lille-tables-toques.fr\/index.php\/wp-json\/wp\/v2\/pages\/4343\/revisions\/6168"}],"wp:attachment":[{"href":"https:\/\/lille-tables-toques.fr\/index.php\/wp-json\/wp\/v2\/media?parent=4343"}],"curies":[{"name":"wp","href":"https:\/\/api.w.org\/{rel}","templated":true}]}}