{"id":1196,"date":"2023-06-29T11:27:20","date_gmt":"2023-06-29T09:27:20","guid":{"rendered":"https:\/\/lille-tables-toques.fr\/?page_id=1196"},"modified":"2024-06-19T10:44:13","modified_gmt":"2024-06-19T08:44:13","slug":"evenements","status":"publish","type":"page","link":"https:\/\/lille-tables-toques.fr\/index.php\/evenements\/","title":{"rendered":"\u00c9V\u00c9NEMENTS"},"content":{"rendered":"\t\t<div data-elementor-type=\"wp-page\" data-elementor-id=\"1196\" class=\"elementor elementor-1196\" data-elementor-post-type=\"page\">\n\t\t\t\t\t\t<section class=\"elementor-section elementor-top-section elementor-element elementor-element-b8b775 elementor-section-content-middle elementor-section-boxed elementor-section-height-default elementor-section-height-default\" data-id=\"b8b775\" data-element_type=\"section\" data-e-type=\"section\">\n\t\t\t\t\t\t<div class=\"elementor-container elementor-column-gap-no\">\n\t\t\t\t\t<div class=\"elementor-column elementor-col-100 elementor-top-column elementor-element elementor-element-569b9e78\" data-id=\"569b9e78\" data-element_type=\"column\" data-e-type=\"column\">\n\t\t\t<div class=\"elementor-widget-wrap elementor-element-populated\">\n\t\t\t\t\t\t<div class=\"elementor-element elementor-element-a196ab3 elementor-headline--style-highlight elementor-widget elementor-widget-animated-headline\" data-id=\"a196ab3\" data-element_type=\"widget\" data-e-type=\"widget\" data-settings=\"{&quot;marker&quot;:&quot;underline&quot;,&quot;highlighted_text&quot;:&quot;\\u00e9v\\u00e9nements &quot;,&quot;headline_style&quot;:&quot;highlight&quot;,&quot;loop&quot;:&quot;yes&quot;,&quot;highlight_animation_duration&quot;:1200,&quot;highlight_iteration_delay&quot;:8000}\" data-widget_type=\"animated-headline.default\">\n\t\t\t\t<div class=\"elementor-widget-container\">\n\t\t\t\t\t\t\t<h6 class=\"elementor-headline\">\n\t\t\t\t\t<span class=\"elementor-headline-plain-text elementor-headline-text-wrapper\">Nos<\/span>\n\t\t\t\t<span class=\"elementor-headline-dynamic-wrapper elementor-headline-text-wrapper\">\n\t\t\t\t\t<span class=\"elementor-headline-dynamic-text elementor-headline-text-active\">\u00e9v\u00e9nements <\/span>\n\t\t\t\t<\/span>\n\t\t\t\t<\/h6>\n\t\t\t\t\t\t<\/div>\n\t\t\t\t<\/div>\n\t\t\t\t<section class=\"elementor-section elementor-inner-section elementor-element elementor-element-24005bbd elementor-section-content-middle elementor-section-boxed elementor-section-height-default elementor-section-height-default\" data-id=\"24005bbd\" data-element_type=\"section\" data-e-type=\"section\">\n\t\t\t\t\t\t<div class=\"elementor-container elementor-column-gap-no\">\n\t\t\t\t\t<div class=\"elementor-column elementor-col-50 elementor-inner-column elementor-element elementor-element-28f3b432\" data-id=\"28f3b432\" data-element_type=\"column\" data-e-type=\"column\">\n\t\t\t<div class=\"elementor-widget-wrap elementor-element-populated\">\n\t\t\t\t\t\t<div class=\"elementor-element elementor-element-e8ec562 elementor-widget elementor-widget-image\" data-id=\"e8ec562\" data-element_type=\"widget\" data-e-type=\"widget\" data-widget_type=\"image.default\">\n\t\t\t\t<div class=\"elementor-widget-container\">\n\t\t\t\t\t\t\t\t\t\t\t\t\t\t\t<img fetchpriority=\"high\" decoding=\"async\" width=\"1024\" height=\"1024\" src=\"https:\/\/lille-tables-toques.fr\/wp-content\/uploads\/2024\/06\/03.-Post-Instagram-1024x1024.png\" class=\"attachment-large size-large wp-image-2727\" alt=\"\" srcset=\"https:\/\/lille-tables-toques.fr\/wp-content\/uploads\/2024\/06\/03.-Post-Instagram-1024x1024.png 1024w, https:\/\/lille-tables-toques.fr\/wp-content\/uploads\/2024\/06\/03.-Post-Instagram-300x300.png 300w, https:\/\/lille-tables-toques.fr\/wp-content\/uploads\/2024\/06\/03.-Post-Instagram-150x150.png 150w, https:\/\/lille-tables-toques.fr\/wp-content\/uploads\/2024\/06\/03.-Post-Instagram-768x768.png 768w, https:\/\/lille-tables-toques.fr\/wp-content\/uploads\/2024\/06\/03.-Post-Instagram-1536x1536.png 1536w, https:\/\/lille-tables-toques.fr\/wp-content\/uploads\/2024\/06\/03.-Post-Instagram-2048x2048.png 2048w, https:\/\/lille-tables-toques.fr\/wp-content\/uploads\/2024\/06\/03.-Post-Instagram-100x100.png 100w\" sizes=\"(max-width: 1024px) 100vw, 1024px\" \/>\t\t\t\t\t\t\t\t\t\t\t\t\t\t\t<\/div>\n\t\t\t\t<\/div>\n\t\t\t\t<div class=\"elementor-element elementor-element-2ad14ecd elementor-widget elementor-widget-image-box\" data-id=\"2ad14ecd\" data-element_type=\"widget\" data-e-type=\"widget\" data-widget_type=\"image-box.default\">\n\t\t\t\t<div class=\"elementor-widget-container\">\n\t\t\t\t\t<div class=\"elementor-image-box-wrapper\"><div class=\"elementor-image-box-content\"><h3 class=\"elementor-image-box-title\">Le Bouillon #3<\/h3><\/div><\/div>\t\t\t\t<\/div>\n\t\t\t\t<\/div>\n\t\t\t\t<div class=\"elementor-element elementor-element-2e92a04 elementor-align-center elementor-widget elementor-widget-button\" data-id=\"2e92a04\" data-element_type=\"widget\" data-e-type=\"widget\" data-widget_type=\"button.default\">\n\t\t\t\t<div class=\"elementor-widget-container\">\n\t\t\t\t\t\t\t\t\t<div class=\"elementor-button-wrapper\">\n\t\t\t\t\t<a class=\"elementor-button elementor-button-link elementor-size-sm\" href=\"https:\/\/lille-tables-toques.fr\/index.php\/le-bouillon-3\/\">\n\t\t\t\t\t\t<span class=\"elementor-button-content-wrapper\">\n\t\t\t\t\t\t\t\t\t<span class=\"elementor-button-text\">En savoir plus<\/span>\n\t\t\t\t\t<\/span>\n\t\t\t\t\t<\/a>\n\t\t\t\t<\/div>\n\t\t\t\t\t\t\t\t<\/div>\n\t\t\t\t<\/div>\n\t\t\t\t\t<\/div>\n\t\t<\/div>\n\t\t\t\t<div class=\"elementor-column elementor-col-50 elementor-inner-column elementor-element elementor-element-529f14b9\" data-id=\"529f14b9\" data-element_type=\"column\" data-e-type=\"column\">\n\t\t\t<div class=\"elementor-widget-wrap elementor-element-populated\">\n\t\t\t\t\t\t<div class=\"elementor-element elementor-element-386314be elementor-widget elementor-widget-image\" data-id=\"386314be\" data-element_type=\"widget\" data-e-type=\"widget\" data-widget_type=\"image.default\">\n\t\t\t\t<div class=\"elementor-widget-container\">\n\t\t\t\t\t\t\t\t\t\t\t\t\t\t\t<img decoding=\"async\" width=\"1024\" height=\"1024\" src=\"https:\/\/lille-tables-toques.fr\/wp-content\/uploads\/2024\/01\/Visuel_CROISIERES_lille_Tables_et_Toques_2024-02-1024x1024.png\" class=\"attachment-large size-large wp-image-1632\" alt=\"\" srcset=\"https:\/\/lille-tables-toques.fr\/wp-content\/uploads\/2024\/01\/Visuel_CROISIERES_lille_Tables_et_Toques_2024-02-1024x1024.png 1024w, https:\/\/lille-tables-toques.fr\/wp-content\/uploads\/2024\/01\/Visuel_CROISIERES_lille_Tables_et_Toques_2024-02-300x300.png 300w, https:\/\/lille-tables-toques.fr\/wp-content\/uploads\/2024\/01\/Visuel_CROISIERES_lille_Tables_et_Toques_2024-02-150x150.png 150w, https:\/\/lille-tables-toques.fr\/wp-content\/uploads\/2024\/01\/Visuel_CROISIERES_lille_Tables_et_Toques_2024-02-768x768.png 768w, https:\/\/lille-tables-toques.fr\/wp-content\/uploads\/2024\/01\/Visuel_CROISIERES_lille_Tables_et_Toques_2024-02-1536x1536.png 1536w, https:\/\/lille-tables-toques.fr\/wp-content\/uploads\/2024\/01\/Visuel_CROISIERES_lille_Tables_et_Toques_2024-02-2048x2048.png 2048w, https:\/\/lille-tables-toques.fr\/wp-content\/uploads\/2024\/01\/Visuel_CROISIERES_lille_Tables_et_Toques_2024-02-100x100.png 100w\" sizes=\"(max-width: 1024px) 100vw, 1024px\" \/>\t\t\t\t\t\t\t\t\t\t\t\t\t\t\t<\/div>\n\t\t\t\t<\/div>\n\t\t\t\t<div class=\"elementor-element elementor-element-7dd98be6 elementor-widget elementor-widget-image-box\" data-id=\"7dd98be6\" data-element_type=\"widget\" data-e-type=\"widget\" data-widget_type=\"image-box.default\">\n\t\t\t\t<div class=\"elementor-widget-container\">\n\t\t\t\t\t<div class=\"elementor-image-box-wrapper\"><div class=\"elementor-image-box-content\"><h3 class=\"elementor-image-box-title\">Les Croisi\u00e8res<\/h3><\/div><\/div>\t\t\t\t<\/div>\n\t\t\t\t<\/div>\n\t\t\t\t<div class=\"elementor-element elementor-element-4b3b719b elementor-align-center elementor-widget elementor-widget-button\" data-id=\"4b3b719b\" data-element_type=\"widget\" data-e-type=\"widget\" data-widget_type=\"button.default\">\n\t\t\t\t<div class=\"elementor-widget-container\">\n\t\t\t\t\t\t\t\t\t<div class=\"elementor-button-wrapper\">\n\t\t\t\t\t<a class=\"elementor-button elementor-button-link elementor-size-sm\" href=\"https:\/\/lille-tables-toques.fr\/index.php\/les-croisieres-lille-tables-toques\/\">\n\t\t\t\t\t\t<span class=\"elementor-button-content-wrapper\">\n\t\t\t\t\t\t\t\t\t<span class=\"elementor-button-text\">En savoir plus<\/span>\n\t\t\t\t\t<\/span>\n\t\t\t\t\t<\/a>\n\t\t\t\t<\/div>\n\t\t\t\t\t\t\t\t<\/div>\n\t\t\t\t<\/div>\n\t\t\t\t\t<\/div>\n\t\t<\/div>\n\t\t\t\t\t<\/div>\n\t\t<\/section>\n\t\t\t\t\t<\/div>\n\t\t<\/div>\n\t\t\t\t\t<\/div>\n\t\t<\/section>\n\t\t\t\t<\/div>\n\t\t","protected":false},"excerpt":{"rendered":"<p>Nos \u00e9v\u00e9nements Le Bouillon #3 En savoir plus Les Croisi\u00e8res En savoir plus<\/p>\n","protected":false},"author":1,"featured_media":0,"parent":0,"menu_order":0,"comment_status":"closed","ping_status":"closed","template":"","meta":{"footnotes":""},"class_list":["post-1196","page","type-page","status-publish","hentry"],"yoast_head":"<!-- This site is optimized with the Yoast SEO plugin v24.7 - https:\/\/yoast.com\/wordpress\/plugins\/seo\/ -->\n<title>\u00c9V\u00c9NEMENTS - Lille Tables &amp; Toques<\/title>\n<meta name=\"robots\" content=\"index, follow, max-snippet:-1, max-image-preview:large, max-video-preview:-1\" \/>\n<link rel=\"canonical\" href=\"https:\/\/lille-tables-toques.fr\/index.php\/evenements\/\" \/>\n<meta property=\"og:locale\" content=\"fr_FR\" \/>\n<meta property=\"og:type\" content=\"article\" \/>\n<meta property=\"og:title\" content=\"\u00c9V\u00c9NEMENTS - Lille Tables &amp; Toques\" \/>\n<meta property=\"og:description\" content=\"Nos \u00e9v\u00e9nements Le Bouillon #3 En savoir plus Les Croisi\u00e8res En savoir plus\" \/>\n<meta property=\"og:url\" content=\"https:\/\/lille-tables-toques.fr\/index.php\/evenements\/\" \/>\n<meta property=\"og:site_name\" content=\"Lille Tables &amp; Toques\" \/>\n<meta property=\"article:publisher\" content=\"https:\/\/www.facebook.com\/tablesettoques\/?locale=fr_FR\" \/>\n<meta property=\"article:modified_time\" content=\"2024-06-19T08:44:13+00:00\" \/>\n<meta property=\"og:image\" content=\"https:\/\/lille-tables-toques.fr\/wp-content\/uploads\/2024\/06\/03.-Post-Instagram-1024x1024.png\" \/>\n<meta name=\"twitter:card\" content=\"summary_large_image\" \/>\n<meta name=\"twitter:label1\" content=\"Dur\u00e9e de lecture estim\u00e9e\" \/>\n\t<meta name=\"twitter:data1\" content=\"1 minute\" \/>\n<script type=\"application\/ld+json\" class=\"yoast-schema-graph\">{\"@context\":\"https:\/\/schema.org\",\"@graph\":[{\"@type\":\"WebPage\",\"@id\":\"https:\/\/lille-tables-toques.fr\/index.php\/evenements\/\",\"url\":\"https:\/\/lille-tables-toques.fr\/index.php\/evenements\/\",\"name\":\"\u00c9V\u00c9NEMENTS - Lille Tables &amp; Toques\",\"isPartOf\":{\"@id\":\"https:\/\/lille-tables-toques.fr\/#website\"},\"primaryImageOfPage\":{\"@id\":\"https:\/\/lille-tables-toques.fr\/index.php\/evenements\/#primaryimage\"},\"image\":{\"@id\":\"https:\/\/lille-tables-toques.fr\/index.php\/evenements\/#primaryimage\"},\"thumbnailUrl\":\"https:\/\/lille-tables-toques.fr\/wp-content\/uploads\/2024\/06\/03.-Post-Instagram-1024x1024.png\",\"datePublished\":\"2023-06-29T09:27:20+00:00\",\"dateModified\":\"2024-06-19T08:44:13+00:00\",\"inLanguage\":\"fr-FR\",\"potentialAction\":[{\"@type\":\"ReadAction\",\"target\":[\"https:\/\/lille-tables-toques.fr\/index.php\/evenements\/\"]}]},{\"@type\":\"ImageObject\",\"inLanguage\":\"fr-FR\",\"@id\":\"https:\/\/lille-tables-toques.fr\/index.php\/evenements\/#primaryimage\",\"url\":\"https:\/\/lille-tables-toques.fr\/wp-content\/uploads\/2024\/06\/03.-Post-Instagram.png\",\"contentUrl\":\"https:\/\/lille-tables-toques.fr\/wp-content\/uploads\/2024\/06\/03.-Post-Instagram.png\",\"width\":2401,\"height\":2401},{\"@type\":\"WebSite\",\"@id\":\"https:\/\/lille-tables-toques.fr\/#website\",\"url\":\"https:\/\/lille-tables-toques.fr\/\",\"name\":\"Lille Tables & Toques\",\"description\":\"Le club des professionnels de la gastronomie des Hauts-de-France\",\"publisher\":{\"@id\":\"https:\/\/lille-tables-toques.fr\/#organization\"},\"potentialAction\":[{\"@type\":\"SearchAction\",\"target\":{\"@type\":\"EntryPoint\",\"urlTemplate\":\"https:\/\/lille-tables-toques.fr\/?s={search_term_string}\"},\"query-input\":{\"@type\":\"PropertyValueSpecification\",\"valueRequired\":true,\"valueName\":\"search_term_string\"}}],\"inLanguage\":\"fr-FR\"},{\"@type\":\"Organization\",\"@id\":\"https:\/\/lille-tables-toques.fr\/#organization\",\"name\":\"Lille Tables & Toques\",\"url\":\"https:\/\/lille-tables-toques.fr\/\",\"logo\":{\"@type\":\"ImageObject\",\"inLanguage\":\"fr-FR\",\"@id\":\"https:\/\/lille-tables-toques.fr\/#\/schema\/logo\/image\/\",\"url\":\"https:\/\/lille-tables-toques.fr\/wp-content\/uploads\/2023\/06\/Copie-de-unnamed-2.jpg\",\"contentUrl\":\"https:\/\/lille-tables-toques.fr\/wp-content\/uploads\/2023\/06\/Copie-de-unnamed-2.jpg\",\"width\":512,\"height\":512,\"caption\":\"Lille Tables & Toques\"},\"image\":{\"@id\":\"https:\/\/lille-tables-toques.fr\/#\/schema\/logo\/image\/\"},\"sameAs\":[\"https:\/\/www.facebook.com\/tablesettoques\/?locale=fr_FR\",\"https:\/\/www.linkedin.com\/company\/lille-tables-toques\/\",\"https:\/\/www.instagram.com\/tables_et_toques\/\"]}]}<\/script>\n<!-- \/ Yoast SEO plugin. -->","yoast_head_json":{"title":"\u00c9V\u00c9NEMENTS - Lille Tables &amp; Toques","robots":{"index":"index","follow":"follow","max-snippet":"max-snippet:-1","max-image-preview":"max-image-preview:large","max-video-preview":"max-video-preview:-1"},"canonical":"https:\/\/lille-tables-toques.fr\/index.php\/evenements\/","og_locale":"fr_FR","og_type":"article","og_title":"\u00c9V\u00c9NEMENTS - Lille Tables &amp; Toques","og_description":"Nos \u00e9v\u00e9nements Le Bouillon #3 En savoir plus Les Croisi\u00e8res En savoir plus","og_url":"https:\/\/lille-tables-toques.fr\/index.php\/evenements\/","og_site_name":"Lille Tables &amp; Toques","article_publisher":"https:\/\/www.facebook.com\/tablesettoques\/?locale=fr_FR","article_modified_time":"2024-06-19T08:44:13+00:00","og_image":[{"url":"https:\/\/lille-tables-toques.fr\/wp-content\/uploads\/2024\/06\/03.-Post-Instagram-1024x1024.png","type":"","width":"","height":""}],"twitter_card":"summary_large_image","twitter_misc":{"Dur\u00e9e de lecture estim\u00e9e":"1 minute"},"schema":{"@context":"https:\/\/schema.org","@graph":[{"@type":"WebPage","@id":"https:\/\/lille-tables-toques.fr\/index.php\/evenements\/","url":"https:\/\/lille-tables-toques.fr\/index.php\/evenements\/","name":"\u00c9V\u00c9NEMENTS - Lille Tables &amp; Toques","isPartOf":{"@id":"https:\/\/lille-tables-toques.fr\/#website"},"primaryImageOfPage":{"@id":"https:\/\/lille-tables-toques.fr\/index.php\/evenements\/#primaryimage"},"image":{"@id":"https:\/\/lille-tables-toques.fr\/index.php\/evenements\/#primaryimage"},"thumbnailUrl":"https:\/\/lille-tables-toques.fr\/wp-content\/uploads\/2024\/06\/03.-Post-Instagram-1024x1024.png","datePublished":"2023-06-29T09:27:20+00:00","dateModified":"2024-06-19T08:44:13+00:00","inLanguage":"fr-FR","potentialAction":[{"@type":"ReadAction","target":["https:\/\/lille-tables-toques.fr\/index.php\/evenements\/"]}]},{"@type":"ImageObject","inLanguage":"fr-FR","@id":"https:\/\/lille-tables-toques.fr\/index.php\/evenements\/#primaryimage","url":"https:\/\/lille-tables-toques.fr\/wp-content\/uploads\/2024\/06\/03.-Post-Instagram.png","contentUrl":"https:\/\/lille-tables-toques.fr\/wp-content\/uploads\/2024\/06\/03.-Post-Instagram.png","width":2401,"height":2401},{"@type":"WebSite","@id":"https:\/\/lille-tables-toques.fr\/#website","url":"https:\/\/lille-tables-toques.fr\/","name":"Lille Tables & Toques","description":"Le club des professionnels de la gastronomie des Hauts-de-France","publisher":{"@id":"https:\/\/lille-tables-toques.fr\/#organization"},"potentialAction":[{"@type":"SearchAction","target":{"@type":"EntryPoint","urlTemplate":"https:\/\/lille-tables-toques.fr\/?s={search_term_string}"},"query-input":{"@type":"PropertyValueSpecification","valueRequired":true,"valueName":"search_term_string"}}],"inLanguage":"fr-FR"},{"@type":"Organization","@id":"https:\/\/lille-tables-toques.fr\/#organization","name":"Lille Tables & Toques","url":"https:\/\/lille-tables-toques.fr\/","logo":{"@type":"ImageObject","inLanguage":"fr-FR","@id":"https:\/\/lille-tables-toques.fr\/#\/schema\/logo\/image\/","url":"https:\/\/lille-tables-toques.fr\/wp-content\/uploads\/2023\/06\/Copie-de-unnamed-2.jpg","contentUrl":"https:\/\/lille-tables-toques.fr\/wp-content\/uploads\/2023\/06\/Copie-de-unnamed-2.jpg","width":512,"height":512,"caption":"Lille Tables & Toques"},"image":{"@id":"https:\/\/lille-tables-toques.fr\/#\/schema\/logo\/image\/"},"sameAs":["https:\/\/www.facebook.com\/tablesettoques\/?locale=fr_FR","https:\/\/www.linkedin.com\/company\/lille-tables-toques\/","https:\/\/www.instagram.com\/tables_et_toques\/"]}]}},"_links":{"self":[{"href":"https:\/\/lille-tables-toques.fr\/index.php\/wp-json\/wp\/v2\/pages\/1196","targetHints":{"allow":["GET"]}}],"collection":[{"href":"https:\/\/lille-tables-toques.fr\/index.php\/wp-json\/wp\/v2\/pages"}],"about":[{"href":"https:\/\/lille-tables-toques.fr\/index.php\/wp-json\/wp\/v2\/types\/page"}],"author":[{"embeddable":true,"href":"https:\/\/lille-tables-toques.fr\/index.php\/wp-json\/wp\/v2\/users\/1"}],"replies":[{"embeddable":true,"href":"https:\/\/lille-tables-toques.fr\/index.php\/wp-json\/wp\/v2\/comments?post=1196"}],"version-history":[{"count":20,"href":"https:\/\/lille-tables-toques.fr\/index.php\/wp-json\/wp\/v2\/pages\/1196\/revisions"}],"predecessor-version":[{"id":6005,"href":"https:\/\/lille-tables-toques.fr\/index.php\/wp-json\/wp\/v2\/pages\/1196\/revisions\/6005"}],"wp:attachment":[{"href":"https:\/\/lille-tables-toques.fr\/index.php\/wp-json\/wp\/v2\/media?parent=1196"}],"curies":[{"name":"wp","href":"https:\/\/api.w.org\/{rel}","templated":true}]}}